{"id":1305,"date":"2019-09-13T11:12:53","date_gmt":"2019-09-13T09:12:53","guid":{"rendered":"https:\/\/ifsra.org\/?page_id=1305"},"modified":"2021-08-12T14:31:37","modified_gmt":"2021-08-12T12:31:37","slug":"international-symposia","status":"publish","type":"page","link":"https:\/\/ifsra.org\/en\/international-symposia\/","title":{"rendered":"International Symposia"},"content":{"rendered":"<p>[et_pb_section fb_built=&#8221;1&#8243; _builder_version=&#8221;3.22&#8243; fb_built=&#8221;1&#8243; bb_built=&#8221;1&#8243; _i=&#8221;0&#8243; _address=&#8221;0&#8243;][et_pb_row _builder_version=&#8221;3.25&#8243; _i=&#8221;0&#8243; _address=&#8221;0.0&#8243;][et_pb_column type=&#8221;4_4&#8243; _builder_version=&#8221;3.25&#8243; custom_padding=&#8221;|||&#8221; _i=&#8221;0&#8243; _address=&#8221;0.0.0&#8243; custom_padding__hover=&#8221;|||&#8221;][et_pb_image src=&#8221;https:\/\/ifsra.org\/wp-content\/uploads\/2018\/06\/bandeau-2.jpg&#8221; show_bottom_space=&#8221;off&#8221; align_tablet=&#8221;center&#8221; align_last_edited=&#8221;on|desktop&#8221; _builder_version=&#8221;3.23&#8243; animation_style=&#8221;slide&#8221; animation_direction=&#8221;left&#8221; animation_duration=&#8221;500ms&#8221; animation_intensity_slide=&#8221;10%&#8221; _i=&#8221;0&#8243; _address=&#8221;0.0.0.0&#8243;][\/et_pb_image][\/et_pb_column][\/et_pb_row][\/et_pb_section][et_pb_section fb_built=&#8221;1&#8243; admin_label=&#8221;section&#8221; _builder_version=&#8221;3.22&#8243; fb_built=&#8221;1&#8243; bb_built=&#8221;1&#8243; _i=&#8221;1&#8243; _address=&#8221;1&#8243;][et_pb_row padding_mobile=&#8221;off&#8221; column_padding_mobile=&#8221;on&#8221; admin_label=&#8221;row&#8221; _builder_version=&#8221;3.25&#8243; background_size=&#8221;initial&#8221; background_position=&#8221;top_left&#8221; background_repeat=&#8221;repeat&#8221; width_unit=&#8221;off&#8221; _i=&#8221;0&#8243; _address=&#8221;1.0&#8243;][et_pb_column type=&#8221;4_4&#8243; _builder_version=&#8221;3.25&#8243; custom_padding=&#8221;|||&#8221; _i=&#8221;0&#8243; _address=&#8221;1.0.0&#8243; custom_padding__hover=&#8221;|||&#8221;][et_pb_text admin_label=&#8221;titre de page non automatique&#8221; _builder_version=&#8221;3.27.4&#8243; header_font=&#8221;|||on|||||&#8221; header_font_size=&#8221;28px&#8221; animation_direction=&#8221;left&#8221; border_width_bottom=&#8221;3px&#8221; border_color_bottom=&#8221;rgba(51,51,51,0.82)&#8221; show_bottom_space=&#8221;on&#8221; _i=&#8221;0&#8243; _address=&#8221;1.0.0.0&#8243;]<\/p>\n<h1>Recent participations in international conferences and meetings<\/h1>\n<p>[\/et_pb_text][\/et_pb_column][\/et_pb_row][et_pb_row admin_label=&#8221;row&#8221; _builder_version=&#8221;3.25&#8243; background_size=&#8221;initial&#8221; background_position=&#8221;top_left&#8221; background_repeat=&#8221;repeat&#8221; hover_enabled=&#8221;0&#8243; _i=&#8221;1&#8243; _address=&#8221;1.1&#8243;][et_pb_column type=&#8221;4_4&#8243; _builder_version=&#8221;3.25&#8243; custom_padding=&#8221;|||&#8221; _i=&#8221;0&#8243; _address=&#8221;1.1.0&#8243; custom_padding__hover=&#8221;|||&#8221;][et_pb_text _builder_version=&#8221;3.29.3&#8243; background_size=&#8221;initial&#8221; background_position=&#8221;top_left&#8221; background_repeat=&#8221;repeat&#8221; hover_enabled=&#8221;0&#8243; _i=&#8221;0&#8243; _address=&#8221;1.1.0.0&#8243;]<strong>Pandemic ethnography. Remotely and collaboratively investigating African dryland communities\u2019 experiences with Covid-19. <\/strong>Roque de Pinho, J. 2020. Organized by the African Studies Association. 63rd Annual Conferenceof the African Studies Association.<\/p>\n<p><strong>First-class and second-class city dwellers? Disparity of urban governance in the context of expropriations in Conakry. <\/strong>Rey, P., Petitpierre, M. 2020. Organized by the European Regional Science Association (ERSA), on \u00ab Spatial Challenges for the New World \u00bb.<\/p>\n<p><strong>Stakeholders\u2019 engagement in large-scale infrastructure: a way of local governance in territorial planification. Examples in Guinea. <\/strong>Rey, P., Petitpierre, M. 2021. Organized by the Geography of Governance Commission of the International Geographical Union and the Adam Mickiewicz University, Poznan, Poland, on \u00ab New challenges of local governance in times of uncertainty and complexity \u00bb.<\/p>\n<p><strong>The Invisible Black Swan: How COVID-19 changed the World? The situation of Burkina Faso and West Africa. <\/strong>Tallio, V. December 2020. Virtual 2020 Africa Think Tank Summit.<\/p>\n<p><strong>L&#8217;int\u00e9gration sociale dans la planification environementale. <\/strong>Levrel, A., Nicot, M., et Tallio, V. November 2020. International colloquium \u00ab Dialogues et savoir-faire : construction des connaissances autour des enjeux et d\u00e9fis \u00e9cologiques \u00e0 Madagascar et dans l\u2019Oc\u00e9an Indien \u00bb, University of Antsiranana, Madagascar.<\/p>\n<p><strong>Presidential elections in times of Covid-19. The case of Uganda. <\/strong>Tallio, V. November 2020. Organized by the African Studies Association. 63rd Annual Meeting of the African Studies Association.<\/p>\n<p><strong>Overview in Asia and in Africa. <\/strong>Rey, P. 2019. Organized by the Military Staff specialized for Overseas and Abroad: <em>The Operational Interculturality.<\/em> Paris, France<\/p>\n<p><strong>Land issues in Africa: a state of the art. <\/strong>Hochet, P. 2019. Organized by the International Francophone Secretary for Environnemental Assessment: <em>Environnemental Assessment and Land Issues.<\/em> 22e International Colloquium in Environnemental Assessment, Cotonou, B\u00e9nin.<\/p>\n<p><strong>Land studies and legal needs: Which practices for a real integration of a project to its territory?<\/strong> Rey, P., Jeanne I. 2019. Organized by the International Francophone Secretary for Environmental Assessment: <em>Environmental Assessment and Land Issues.<\/em> 22e International Colloquium in Environmental Assessment, Cotonou, B\u00e9nin.<\/p>\n<p><strong>Politics of Melkisation and land issues in Morocco. <\/strong>Rey, P., Buchon D. 2019. Organized by the International Francophone Secretary for Environmental Assessment: <em>Environmental Assessment and Land Issues.<\/em> 22e International Colloquium in Environmental Assessment, Cotonou, B\u00e9nin.<\/p>\n<p><strong>Local and Urban Governance: Trends, stakes and innovations in the era of globalization.<\/strong> Rey,P., Petitpierre, M. 2019. Organized by the Commission Geography of Governance of the International Geographical Union and the University of Cape Verde. Praia, Cape Verde<\/p>\n<p><strong>Pregnancies on gold sites in southwestern Burkina Faso: Perceptions, Management and Consequences<\/strong>. Ouedraogo, A. 2019. Organized by the University of Edinburgh\u2019s Centre of African Studies: <em>Africa: Connections and Disruptions<\/em>. 8th European Conference on African Studies (ECAS2019), Edinburgh, Scotland.<\/p>\n<p><strong>The importance of socioeconomic information management to implement Corporate Territorial Responsibility (CTR) processes<\/strong>. Arratibel, H. 2018. Organised by the Javeriana University: <em>Simposio sobre Sostenibilidad y Empresa<\/em>. Bogot\u00e1, Colombia.<\/p>\n<p><strong>Collective Action and Territorial Management in territories hosting high-impact industrial projects<\/strong>. Calvo, G. 2018. Organized by the Origin for Sustainability Association: <em>Perspectives on Territories in Transition<\/em>. Forum <em>Origin, Diversity and Territories<\/em>, Turin, Italy.<\/p>\n<p><strong>Mining development and territory building in West Africa<\/strong>. Rey, P. 2018. Organized by the Savoie Mont-Blanc University, the Lorraine University and the UQAM (Universit\u00e9 du Qu\u00e9bec \u00e0 Montr\u00e9al) : <em>Socio-environmental trajectories of Mining Territories<\/em>. Internationale Conference TRAMIN2018, Chamb\u00e9ry, France.<\/p>\n<p><strong>\u2018T\u00e3ngpogse\u2019: women of the hill. Construction of a social status on the South-West gold mining sites (Burkina Faso)<\/strong>. Scientific poster. Ouedraogo, A. 2018. Organized by the Savoie Mont-Blanc University, the Lorraine University and the UQAM (Universit\u00e9 du Qu\u00e9bec \u00e0 Montr\u00e9al) : <em>Socio-environmental trajectories of Mining Territories<\/em>. Internationale Conference TRAMIN2018, Chamb\u00e9ry, France.<\/p>\n<p><strong>Hybrid natural-cultural Guinean ritual sites and mining company heritagization.<\/strong> Fribault M. 2018. Organized by Zhejiang University and the Association of Critical Heritage Studies (ACHS): <em>Heritage Across Borders<\/em>. 4th Biennial ACHS Conference, Hanghzou, China.<\/p>\n<p><strong>Between pragmatical analogism and technical naturalism: how to paradoxically produce cultural heritage? Imagining an exhibition from a fieldwork experiment in the republic of guinea.<\/strong> Fribault M. et Schoni D. 2018. Organized by the International Union of Anthropological and Ethnological Sciences (IUAES): <em>World (of) encounters: the past, present and future of Anthropological knowledge<\/em>. 18th World Congress, Florianopolis, Brazil.<\/p>\n<p><strong>What feelings for ritual officiants in contexts of mining heritagization process?<\/strong>\u00a0Photography exhibition. Fribault M. 2018. Organized by the International Union of Anthropological and Ethnological Sciences (IUAES): <em>World (of) encounters: the past, present and future of Anthropological knowledge<\/em>. 18th World Congress, Florianopolis, Brazil.<\/p>\n<p><strong>Ce que nous apprennent les modalit\u00e9s de gestion des conflits des soci\u00e9t\u00e9s littorales de Guin\u00e9e. Iniquit\u00e9, consensus et conceptions locales de la justice.<\/strong> Rey, P. 2018. Organized by the UNESCO Culture of Peace Chair and F\u00e9lix Houphou\u00ebt Boigny University: <em>M\u00e9canismes endog\u00e8nes de pr\u00e9vention, gestion et r\u00e9solution des conflits.\u00a0<\/em>Abidjan, Ivory Coast.<\/p>\n<p><strong>De l\u2019empowerment au f\u00e9minin sur les sites aurif\u00e8res du Sud-Ouest du Burkina\u00a0: Les d\u00e9tentrices de hangars du traitement de l\u2019or.<\/strong> Ouedraogo A. 2018. Organized by Aix-Marseille University in parallel with the 5th French REAF (Rencontres des Etudes Africaines en France) : <em>Les Afriques en d\u00e9bats.<\/em> 4th gathering of the French JCEA (Jeunes Chercheurs en Etudes Africaines), Marseille, France.<\/p>\n<p><strong>L\u2019am\u00e9nagement du territoire \u00e0 travers la collaboration public\/priv\u00e9 dans le cadre du d\u00e9veloppement de projets miniers en Afrique de l\u2019Ouest<\/strong>. Rey, P. 2018. Organized by the METIS, UMR CREM, UMR IDEES, and the NIMEC\u00a0: <em>Les acteurs \u00e9conomiques et la r\u00e9gionalisation.<\/em> 55th Conference of the Association de Science R\u00e9gionale de Langue Fran\u00e7aise (ASRDLF), Caen, France.<\/p>\n<p><strong>Am\u00e9nagement du territoire en milieu rural: D\u00e9possession fonci\u00e8re ou strat\u00e9gie en faveur d\u2019une gestion durable des ressources dans la zone pastorale Tapoa-Boopo? (R\u00e9gion de l\u2019Est du Burkina Faso)<\/strong>. Kambire Y. 2018. Organized by the \u00ab\u00a0D\u00e9fis partages du d\u00e9veloppement\u00a0: savoir, comprendre, agir\u00a0\u00bbUNESCO\u00a0Chair and General Lansana Conte de Sonfonio-Conakry University : <em>Probl\u00e9matique fonci\u00e8re et perspective de d\u00e9veloppement durable\u00a0: quels d\u00e9fis pour l\u2019Afrique\u00a0? <\/em>International workshop, Conakry, Guinea.<\/p>\n<p><strong>First evidence of Middle Stone Age in Guinea, West Africa<\/strong>. Pollarolo, L. 2016. Organized by the Society of Africanist Archaeologists (SAfA):\u00a0<em>Middle Stone Age\/Later Stone Age in subsaharian areas<\/em>. Toulouse, France.<\/p>\n<p><strong>Le secret comme s\u00e9cr\u00e9tion ou le r\u00e9cit paradoxal d\u2019un \u00ab patrimoine vivant.<\/strong> Fribault, M., Schoeni, D. 2016. Organized by the UQAM (Universit\u00e9 du Qu\u00e9bec \u00e0 Montr\u00e9al) and the Association of Critical Heritage Studies (ACHS)\u00a0: <em>Le patrimoine, \u00e7a change quoi\u00a0?<\/em> Montr\u00e9al, Canada.<\/p>\n<p><strong>Penser l\u2019am\u00e9nagement du territoire et le lien urbain-rural dans le cadre du d\u00e9veloppement de projets miniers en Afrique de l\u2019Ouest.<\/strong> Rey, P. 2016. Organized by Toulouse University and the French &#8220;Dynamiques rurales&#8221; UMR : <em>La Renaissance rurale d\u2019un si\u00e8cle \u00e0 l\u2019autre ? <\/em>Toulouse, France.<\/p>\n<p><strong>Sustainable cities in mining context in West Africa : how to involve different stakeholders on a common project ?<\/strong>\u00a0Rey, P., Weber, A. 2016. Organized by Utrecht University and IDS (International Development Studies) : <em>Large-scale land acquisition in the context of urban sprawl and climate change : Linking the Rural and the Urban<\/em>. Utrecht, Holland.<\/p>\n<p><strong>Ebola en Guin\u00e9e, l\u2019exp\u00e9rience d\u2019une crise sociale : des r\u00e9gimes de doutes et des r\u00e9ticences \u00e0 des actions d\u2019autosensibilisation informelle communautaires<\/strong>. Fribault, M. 2015. Organized by the French Institute for Research and Development (IRD) and the Regional Centre for Research and Training on Fann social management (CRCF) : <em>Epid\u00e9mie d\u2019Ebola en Afrique de l\u2019Ouest, approches ethnosociales compar\u00e9es<\/em>. Dakar, Senegal.<\/p>\n<p><strong>Innovations techniques, r\u00e9gulation, conflit. Regards crois\u00e9s sur l\u2019extraction artisanale au Burkina Faso et en Guin\u00e9e<\/strong>. Arnaldi, L. 2015. Organized by the Institut Sup\u00e9rieur des Sciences de la Population (ISSP-Burkina Faso) and Ouagadougou University : <em>Acc\u00e8s aux ressources en Afrique de l\u2019Ouest. Quelles durabilit\u00e9s pour quelles conflictualit\u00e9s ?<\/em> Ouagadougou, Burkina Faso.<\/p>\n<p><strong>Nouvelles formes de penser et faire de la Responsabilit\u00e9 Sociale des Entreprises dans le secteur p\u00e9trolier<\/strong>. Calvo, G. 2015. Organized by the Association Equatorienne des Industries d\u2019Hydrocarbures : <em>Nouvelles formes de penser et faire de la Responsabilit\u00e9 Sociale des Entreprises<\/em>. Quito, Ecuador.<\/p>\n<p><strong>When mining companies take on the Government\u2019s role. Risks and contributions of public-private collaboration in urban and regional management.<\/strong> Rey, P., Weber, A. 2015. Organized by the Institute of Geography and Spatial Planning at University of Lisbon : <em>Local Government and Urban Governance: Citizen Responsive Innovations in Europe and in Africa.<\/em> Lisbon, Portugal.<\/p>\n<p><strong>Corporate Social Responsibility and Patrimonialization of Localized Cultural Practices in West Africa<\/strong>. Rey, P., Fribault, M. 2014. Organized by the Institute of Cultural Anthropology and Development Sociology (Leiden University):<em> From Corporate Paternalism to Corporate Social Responsibility (CSR): Mining, History and Heritage<\/em>. Leiden, Holland.<\/p>\n<p><strong>La gestion sociale dans le secteur p\u00e9trolier.<\/strong> Calvo, G. 2014. Organized by the Externado University : <em>Responsabilit\u00e9 Sociale des Entreprises dans le secteur p\u00e9trolier<\/em>. Bogota, Colombia.<\/p>\n<p><strong>Les contours d\u2019une op\u00e9ration de titularisation fonci\u00e8re promue par l\u2019industrie mini\u00e8re. Emergence d\u2019une question fonci\u00e8re et strat\u00e9gies locales d\u2019affirmation des droits (Guin\u00e9e Maritime).<\/strong> Arnaldi, L. 2012. Organized by the ASAI (Association pour les \u00e9tudes Africaines en Italie) : <em>Colloque international d\u2019Etudes africaines<\/em>. Pavia, Italy.[\/et_pb_text][\/et_pb_column][\/et_pb_row][\/et_pb_section]<\/p>\n","protected":false},"excerpt":{"rendered":"<p>Recent participations in international conferences and meetings Pandemic ethnography. Remotely and collaboratively investigating African dryland communities\u2019 experiences with Covid-19. Roque de Pinho, J. 2020. Organized by the African Studies Association. 63rd Annual Conferenceof the African Studies Association. First-class and second-class city dwellers? Disparity of urban governance in the context of expropriations in Conakry. Rey, P., [&hellip;]<\/p>\n","protected":false},"author":3,"featured_media":0,"parent":0,"menu_order":0,"comment_status":"closed","ping_status":"closed","template":"","meta":{"_et_pb_use_builder":"on","_et_pb_old_content":"<p>Dans le cadre de ses activit\u00e9s, Insuco a d\u00e9velopp\u00e9 de nombreuses comp\u00e9tences et de l\u2019exp\u00e9rience que nous cherchons en continu \u00e0 valoriser \u00e0 travers des colloques internationaux. Les directeurs de projet tout comme les membres des \u00e9quipes techniques sont ainsi appuy\u00e9s par l\u2019IFSRA aussi bien scientifiquement que financi\u00e8rement pour leur participation \u00e0 de tels \u00e9v\u00e8nements.<\/p><p>Communications r\u00e9centes \u00e0 des colloques internationaux\u00a0:<\/p><ul><li>Pollarolo, L., 2016, Organis\u00e9 par le SAfA (Society of Africanist Archaeologists) : \u00ab\u00a0Middle Stone Age\/Later Stone Age in subsaharian areas\u00a0\u00bb, Toulouse, France.<br \/> Titre de la communication : \u00ab\u00a0First evidence of Middle Stone Age in Guinea, West Africa\u00a0\u00bb.<\/li><li>Rey, P., Weber, A., 2016, Organis\u00e9 par l\u2019Universit\u00e9 d\u2019Ultrecht\u00a0et l\u2019IDS (International development studies) : \u00ab\u00a0Large-scale land acquisition in the context of urban sprawl and climate change: Linking the Rural and the Urban\u00a0\u00bb, Ultrecht, Pays bas.<br \/> Titre de la communication\u00a0: \u00ab\u00a0Sustainable cities in mining context in West Africa: how to involve different stakeholders on a common project?\u00a0\u00bb<\/li><li>Fribault, M., Schoeni, D., 2016, Organis\u00e9 par l\u2019Universit\u00e9 du Qu\u00e9bec \u00e0 Montr\u00e9al et l\u2019ACHS (Association of Critical Heritage Studies)\u00a0: \u00ab\u00a0Le patrimoine, \u00e7a change quoi\u00a0?\u00a0\u00bb, Montr\u00e9al, Canada.<br \/> Titre de la communication\u00a0: \u00ab Le secret comme s\u00e9cr\u00e9tion ou le r\u00e9cit paradoxal d'un \u00ab patrimoine vivant \u00bb\u00a0\u00bb.<\/li><li>Rey, P., 2016, Organis\u00e9 par l\u2019Universit\u00e9 de Toulouse et l\u2019UMR Dynamiques rurales\u00a0: \u00ab La Renaissance rurale d\u2019un si\u00e8cle \u00e0 l\u2019autre ? \u00bb, Toulouse, France.<br \/> Titre de la communication\u00a0: \u00ab\u00a0Penser l\u2019am\u00e9nagement du territoire et le lien urbain-rural dans le cadre du d\u00e9veloppement de projets miniers en Afrique de l\u2019Ouest\u00a0\u00bb.<\/li><li>Fribault, M., 2015, Organis\u00e9 par l\u2019IRD et le CRCF (Centre R\u00e9gional de Recherche et de Formation \u00e0 la prise en charge de Fann) : \u00ab\u00a0Epid\u00e9mie d\u2019Ebola en Afrique de l\u2019Ouest, approches ethnosociales compar\u00e9es\u00a0\u00bb, Dakar, S\u00e9n\u00e9gal.<br \/> Titre de la communication : \u00ab Ebola en Guin\u00e9e, l\u2019exp\u00e9rience d\u2019une crise sociale : des r\u00e9gimes de doutes et des r\u00e9ticences \u00e0 des actions d\u2019autosensibilisation informelle communautaires. \u00bb<\/li><li>Calvo, G, 2015, Organis\u00e9 par l\u2019Association Equatorienne des Industries d\u2019Hydrocarbures : \"Nouvelles formes de penser et faire de la Responsabilit\u00e9 Sociale des Entreprises\", Quito, Equateur. <br \/> Titre de la communication : \"Nouvelles formes de penser et faire de la Responsabilit\u00e9 Sociale des Entreprises dans le secteur p\u00e9trolier\"<\/li><li>Arnaldi, L., 2015, organis\u00e9 par l\u2019ISSP (Institut Sup\u00e9rieur des sciences de la population) et l\u2019Universit\u00e9 de Ouagadougou : \u00ab Acc\u00e8s aux ressources en Afrique de l'Ouest. quelles durabilit\u00e9s pour quelles conflictualit\u00e9s? \u00bb, Ouagadougou, Burkina Faso.<br \/> Titre de la communication : \u00ab Innovations techniques, r\u00e9gulation, conflit. Regards crois\u00e9s sur l\u2019extraction artisanale au Burkina Faso et en Guin\u00e9e \u00bb.<\/li><li>Rey, P., Weber, A., 2015, Organis\u00e9 par l\u2019Institut de G\u00e9ographie et de Planification Spatiale (Universit\u00e9 de Lisbonne): \u201cLocal Government and Urban Governance: Citizen Responsive Innovations in Europe and in Africa\u201d, Lisbonne, Portugal.<br \/> Titre de la communication : \u201cWhen mining companies take on the Government\u2019s role. Risks and contributions of public-private collaboration in urban and regional management\u201d.<\/li><li>Calvo, G, 2014, Organis\u00e9 par Universit\u00e9 de l\u2019Externado, Bogota, : \"Responsabilit\u00e9 Sociale des Entreprises dans le secteur p\u00e9trolier\", Bogota, Colombie.<br \/> Titre de la communication : \"La gestion sociale dans le secteur p\u00e9trolier\"<\/li><li>Rey, P., Fribault, M., 2014, Organis\u00e9 par the Institute of Cultural Anthropology and Development Sociology (Universit\u00e9 de Leiden): \u201cFrom Corporate Paternalism to Corporate Social Responsibility (CSR): Mining, History and Heritage\u201d, Leiden, Pays Bas.<br \/> Titre de la communication : \u201cCorporate Social Responsibility and Patrimonialization of Localized Cultural Practices in West Africa\u201d<\/li><li>Arnaldi, L., 2012, Organis\u00e9 par l\u2019ASAI (association pour les \u00e9tudes africaines en Italie) : \u00ab\u00a0Colloque international d'Etudes africaines\u00a0\u00bb, Pavia, Italie. <br \/> Titre de la communication: \u00ab\u00a0Les contours d'une op\u00e9ration de titularisation fonci\u00e8re promue par l'industrie mini\u00e8re. Emergence d\u2019une question fonci\u00e8re et strat\u00e9gies locales d'affirmation des droits (Guin\u00e9e Maritime)\u00a0\u00bb<\/li><\/ul>","_et_gb_content_width":"","footnotes":""},"class_list":["post-1305","page","type-page","status-publish","hentry"],"_links":{"self":[{"href":"https:\/\/ifsra.org\/en\/wp-json\/wp\/v2\/pages\/1305","targetHints":{"allow":["GET"]}}],"collection":[{"href":"https:\/\/ifsra.org\/en\/wp-json\/wp\/v2\/pages"}],"about":[{"href":"https:\/\/ifsra.org\/en\/wp-json\/wp\/v2\/types\/page"}],"author":[{"embeddable":true,"href":"https:\/\/ifsra.org\/en\/wp-json\/wp\/v2\/users\/3"}],"replies":[{"embeddable":true,"href":"https:\/\/ifsra.org\/en\/wp-json\/wp\/v2\/comments?post=1305"}],"version-history":[{"count":6,"href":"https:\/\/ifsra.org\/en\/wp-json\/wp\/v2\/pages\/1305\/revisions"}],"predecessor-version":[{"id":1934,"href":"https:\/\/ifsra.org\/en\/wp-json\/wp\/v2\/pages\/1305\/revisions\/1934"}],"wp:attachment":[{"href":"https:\/\/ifsra.org\/en\/wp-json\/wp\/v2\/media?parent=1305"}],"curies":[{"name":"wp","href":"https:\/\/api.w.org\/{rel}","templated":true}]}}