{"id":1310,"date":"2019-09-13T11:15:28","date_gmt":"2019-09-13T09:15:28","guid":{"rendered":"https:\/\/ifsra.org\/?page_id=1310"},"modified":"2023-03-03T11:48:04","modified_gmt":"2023-03-03T10:48:04","slug":"scientific-committee","status":"publish","type":"page","link":"https:\/\/ifsra.org\/en\/scientific-committee\/","title":{"rendered":"Scientific Committee"},"content":{"rendered":"<p>[et_pb_section fb_built=&#8221;1&#8243; custom_padding_last_edited=&#8221;on|desktop&#8221; _builder_version=&#8221;4.16&#8243; custom_padding_tablet=&#8221;50px|0|50px|0&#8243; custom_padding_phone=&#8221;&#8221; global_colors_info=&#8221;{}&#8221;][et_pb_row _builder_version=&#8221;4.16&#8243; background_size=&#8221;initial&#8221; background_position=&#8221;top_left&#8221; background_repeat=&#8221;repeat&#8221; global_colors_info=&#8221;{}&#8221;][et_pb_column type=&#8221;4_4&#8243; _builder_version=&#8221;4.16&#8243; custom_padding=&#8221;|||&#8221; global_colors_info=&#8221;{}&#8221; custom_padding__hover=&#8221;|||&#8221;][et_pb_image src=&#8221;https:\/\/ifsra.org\/wp-content\/uploads\/2018\/07\/bandeau-comite-sci.jpg&#8221; align_tablet=&#8221;center&#8221; align_phone=&#8221;center&#8221; align_last_edited=&#8221;on|desktop&#8221; _builder_version=&#8221;4.16&#8243; animation_style=&#8221;slide&#8221; animation_direction=&#8221;left&#8221; animation_duration=&#8221;500ms&#8221; animation_intensity_slide=&#8221;10%&#8221; global_colors_info=&#8221;{}&#8221;][\/et_pb_image][et_pb_post_title meta=&#8221;off&#8221; featured_image=&#8221;off&#8221; _builder_version=&#8221;4.16&#8243; title_font=&#8221;|||on|||||&#8221; title_font_size=&#8221;30px&#8221; title_letter_spacing=&#8221;2px&#8221; background_color=&#8221;rgba(255,255,255,0)&#8221; custom_margin=&#8221;||20px|&#8221; custom_css_main_element=&#8221;width: 100%;||border-bottom: 3px solid #5e5e5e;&#8221; use_border_color=&#8221;off&#8221; saved_tabs=&#8221;all&#8221; global_colors_info=&#8221;{}&#8221;][\/et_pb_post_title][et_pb_text _builder_version=&#8221;4.16&#8243; global_colors_info=&#8221;{}&#8221;]As an association dedicated to research in social sciences, IFSRA has set up an international scientific committee.<\/p>\n<p>Composed of members from international institutions and African universities, its main role is to contribute to IFSRA scientific policy together with the Scientific Director, in particular:<\/p>\n<ul>\n<li>By giving its opinion on research programmes and support activities implemented by IFSRA<\/li>\n<li>By suggesting workshop topics, field trainings, symposia and conferences, in which IFSRA members could participate<\/li>\n<li>By supporting capitalisation on scientific issues highlighted by the studies and projects implemented by IFSRA<\/li>\n<li>By involving its members individually to review the scientific productions issued by IFSRA<\/li>\n<li>Potentially, by mobilising its members individually to participate in research programmes and scientific activities funded by IFSRA<\/li>\n<\/ul>\n<p>[\/et_pb_text][\/et_pb_column][\/et_pb_row][et_pb_row column_structure=&#8221;1_3,1_3,1_3&#8243; use_custom_gutter=&#8221;on&#8221; gutter_width=&#8221;2&#8243; _builder_version=&#8221;4.16&#8243; background_size=&#8221;initial&#8221; background_position=&#8221;top_left&#8221; background_repeat=&#8221;repeat&#8221; custom_padding=&#8221;|||&#8221; global_colors_info=&#8221;{}&#8221;][et_pb_column type=&#8221;1_3&#8243; _builder_version=&#8221;4.16&#8243; background_color=&#8221;#e8e8e8&#8243; custom_padding=&#8221;10px|||&#8221; global_colors_info=&#8221;{}&#8221; custom_padding__hover=&#8221;|||&#8221;][et_pb_testimonial portrait_url=&#8221;https:\/\/ifsra.org\/wp-content\/uploads\/2018\/07\/Philippe-Lavigne-Delville_comite-scientifique2.jpg&#8221; quote_icon=&#8221;off&#8221; portrait_width=&#8221;112px&#8221; portrait_height=&#8221;112px&#8221; admin_label=&#8221;Portrait cercle&#8221; _builder_version=&#8221;4.16&#8243; background_color=&#8221;rgba(245,245,245,0)&#8221; custom_margin=&#8221;0px||0px|0px&#8221; custom_padding=&#8221;0px|20px|0px|10px&#8221; custom_css_main_element=&#8221;float:left;||&#8221; custom_css_testimonial_portrait=&#8221; background-position-y: 0;&#8221; global_colors_info=&#8221;{}&#8221;][\/et_pb_testimonial][et_pb_text admin_label=&#8221;Nom et poste Philippe LAVIGNE DELVILLE&#8221; _builder_version=&#8221;4.16&#8243; header_2_font=&#8221;|800|||||||&#8221; header_2_font_size=&#8221;17px&#8221; custom_padding=&#8221;10px|10px||10px&#8221; global_colors_info=&#8221;{}&#8221;]<\/p>\n<h2>Philippe<br \/>\nLAVIGNE DELVILLE<\/h2>\n<p>Socio-Anthropologist<br \/>\n[\/et_pb_text][et_pb_toggle title=&#8221;More information&#8221; open_toggle_text_color=&#8221;#e8e8e8&#8243; icon_color=&#8221;#0a8896&#8243; open_icon_color=&#8221;#0a8896&#8243; admin_label=&#8221;More information&#8221; _builder_version=&#8221;4.16&#8243; title_text_color=&#8221;#0a8896&#8243; title_level=&#8221;h3&#8243; title_font=&#8221;|300|||||||&#8221; title_text_align=&#8221;left&#8221; title_font_size=&#8221;13px&#8221; body_text_align=&#8221;left&#8221; background_color=&#8221;rgba(255,255,255,0)&#8221; text_orientation=&#8221;left&#8221; custom_margin=&#8221;|||&#8221; custom_padding=&#8221;0px|10px|25px|10px&#8221; custom_css_open_toggle=&#8221;clear:both;&#8221; border_width_all=&#8221;0px&#8221; border_width_bottom=&#8221;32px&#8221; border_color_bottom=&#8221;#ffffff&#8221; global_colors_info=&#8221;{}&#8221;]<\/p>\n<p style=\"text-align: left;\"><strong>Position:<\/strong> Research Director (HDR)<br \/>\n<strong>Institution: <\/strong>French National Research Institute for Sustainable Development (IRD) \u2013 France<br \/>\n<strong>Research topics:\u00a0<\/strong>Development projects, public policies, land tenure, natural resource management<\/p>\n<p>[\/et_pb_toggle][et_pb_testimonial portrait_url=&#8221;https:\/\/ifsra.org\/wp-content\/uploads\/2018\/07\/Georges-Kouam2.jpg&#8221; quote_icon=&#8221;off&#8221; portrait_width=&#8221;112px&#8221; portrait_height=&#8221;112px&#8221; admin_label=&#8221;Portrait cercle&#8221; _builder_version=&#8221;4.16&#8243; background_color=&#8221;rgba(245,245,245,0)&#8221; custom_margin=&#8221;0px||0px|0px&#8221; custom_padding=&#8221;0px|20px|0px|10px&#8221; custom_css_main_element=&#8221;float:left;||&#8221; custom_css_testimonial_portrait=&#8221; background-position-y: 0;&#8221; global_colors_info=&#8221;{}&#8221;][\/et_pb_testimonial][et_pb_text admin_label=&#8221;Nom et poste Georges KOUAME&#8221; _builder_version=&#8221;4.16&#8243; header_2_font=&#8221;|800|||||||&#8221; header_2_font_size=&#8221;17px&#8221; custom_padding=&#8221;10px|10px||10px&#8221; global_colors_info=&#8221;{}&#8221;]<\/p>\n<h2>Georges<br \/>\nKOUAME<\/h2>\n<p>Socio-Anthropologist<br \/>\n[\/et_pb_text][et_pb_toggle title=&#8221;More information&#8221; open_toggle_text_color=&#8221;#e8e8e8&#8243; icon_color=&#8221;#0a8896&#8243; open_icon_color=&#8221;#0a8896&#8243; admin_label=&#8221;More information&#8221; _builder_version=&#8221;4.16&#8243; title_text_color=&#8221;#0a8896&#8243; title_level=&#8221;h3&#8243; title_font=&#8221;|300|||||||&#8221; title_text_align=&#8221;left&#8221; title_font_size=&#8221;13px&#8221; body_text_align=&#8221;left&#8221; background_color=&#8221;rgba(255,255,255,0)&#8221; text_orientation=&#8221;left&#8221; custom_margin=&#8221;|||&#8221; custom_padding=&#8221;0px|10px|25px|10px&#8221; custom_css_open_toggle=&#8221;clear:both;&#8221; border_width_all=&#8221;0px&#8221; border_width_bottom=&#8221;32px&#8221; border_color_bottom=&#8221;#ffffff&#8221; global_colors_info=&#8221;{}&#8221;]<\/p>\n<p style=\"text-align: left;\"><strong>Position: <\/strong>Assistant professor<br \/>\n<strong>Institution: <\/strong>University F\u00e9lix Houphouet Boigny of Abidjan \u2013 Ivory Coast<br \/>\n<strong>Research topics: <\/strong>Rural land tenure and development<\/p>\n<p>[\/et_pb_toggle][\/et_pb_column][et_pb_column type=&#8221;1_3&#8243; _builder_version=&#8221;4.16&#8243; background_color=&#8221;#e8e8e8&#8243; custom_padding=&#8221;10px|||&#8221; global_colors_info=&#8221;{}&#8221; custom_padding__hover=&#8221;|||&#8221;][et_pb_testimonial portrait_url=&#8221;https:\/\/ifsra.org\/wp-content\/uploads\/2016\/12\/Fernand-21.jpg&#8221; quote_icon=&#8221;off&#8221; portrait_width=&#8221;112px&#8221; portrait_height=&#8221;112px&#8221; admin_label=&#8221;Portrait cercle&#8221; _builder_version=&#8221;4.16&#8243; background_color=&#8221;rgba(245,245,245,0)&#8221; custom_margin=&#8221;0px||0px|0px&#8221; custom_padding=&#8221;0px|20px|0px|10px&#8221; custom_css_main_element=&#8221;float:left;||&#8221; custom_css_testimonial_portrait=&#8221; background-position-y: 0;&#8221; global_colors_info=&#8221;{}&#8221;][\/et_pb_testimonial][et_pb_text admin_label=&#8221;Nom et poste Fernand BATIONO&#8221; _builder_version=&#8221;4.16&#8243; header_2_font=&#8221;|800|||||||&#8221; header_2_font_size=&#8221;17px&#8221; custom_padding=&#8221;10px|10px||10px&#8221; global_colors_info=&#8221;{}&#8221;]<\/p>\n<h2>Fernand<br \/>\nBATIONO<\/h2>\n<p>Sociologist<br \/>\n[\/et_pb_text][et_pb_toggle title=&#8221;More information&#8221; open_toggle_text_color=&#8221;#e8e8e8&#8243; icon_color=&#8221;#0a8896&#8243; open_icon_color=&#8221;#0a8896&#8243; admin_label=&#8221;More information&#8221; _builder_version=&#8221;4.16&#8243; title_text_color=&#8221;#0a8896&#8243; title_level=&#8221;h3&#8243; title_font=&#8221;|300|||||||&#8221; title_text_align=&#8221;left&#8221; title_font_size=&#8221;13px&#8221; body_text_align=&#8221;left&#8221; background_color=&#8221;rgba(255,255,255,0)&#8221; text_orientation=&#8221;left&#8221; custom_margin=&#8221;|||&#8221; custom_padding=&#8221;0px|10px|25px|10px&#8221; custom_css_open_toggle=&#8221;clear:both;&#8221; border_width_all=&#8221;0px&#8221; border_width_bottom=&#8221;32px&#8221; border_color_bottom=&#8221;#ffffff&#8221; global_colors_info=&#8221;{}&#8221;]<\/p>\n<p style=\"text-align: left;\"><strong>Position: <\/strong>Senior lecturer<br \/>\n<strong>Institution: <\/strong>University of Ouaga 1 PR Joseph Ki-Zerbo \u2013 Burkina Faso<br \/>\n<strong>Research topics: <\/strong>Sociology of health, vulnerability and social protection system, legal institutions<\/p>\n<p>[\/et_pb_toggle][et_pb_testimonial portrait_url=&#8221;https:\/\/ifsra.org\/wp-content\/uploads\/2018\/07\/Sabine-Luning_comite-scientifique.jpg&#8221; quote_icon=&#8221;off&#8221; portrait_width=&#8221;112px&#8221; portrait_height=&#8221;112px&#8221; admin_label=&#8221;Portrait cercle&#8221; _builder_version=&#8221;4.16&#8243; background_color=&#8221;rgba(245,245,245,0)&#8221; custom_margin=&#8221;0px||0px|0px&#8221; custom_padding=&#8221;0px|20px|0px|10px&#8221; custom_css_main_element=&#8221;float:left;||&#8221; custom_css_testimonial_portrait=&#8221; background-position-y: 0;&#8221; global_colors_info=&#8221;{}&#8221;][\/et_pb_testimonial][et_pb_text admin_label=&#8221;Nom et poste Sabine LUNING&#8221; _builder_version=&#8221;4.16&#8243; header_2_font=&#8221;|800|||||||&#8221; header_2_font_size=&#8221;17px&#8221; custom_padding=&#8221;10px|10px||10px&#8221; global_colors_info=&#8221;{}&#8221;]<\/p>\n<h2>Sabine<br \/>\nLUNING<\/h2>\n<p>Anthropologist<br \/>\n[\/et_pb_text][et_pb_toggle title=&#8221;More information&#8221; open_toggle_text_color=&#8221;#e8e8e8&#8243; icon_color=&#8221;#0a8896&#8243; open_icon_color=&#8221;#0a8896&#8243; admin_label=&#8221;More information&#8221; _builder_version=&#8221;4.16&#8243; title_text_color=&#8221;#0a8896&#8243; title_level=&#8221;h3&#8243; title_font=&#8221;|300|||||||&#8221; title_text_align=&#8221;left&#8221; title_font_size=&#8221;13px&#8221; body_text_align=&#8221;left&#8221; background_color=&#8221;rgba(255,255,255,0)&#8221; text_orientation=&#8221;left&#8221; custom_margin=&#8221;|||&#8221; custom_padding=&#8221;0px|10px|25px|10px&#8221; custom_css_open_toggle=&#8221;clear:both;&#8221; border_width_all=&#8221;0px&#8221; border_width_bottom=&#8221;32px&#8221; border_color_bottom=&#8221;#ffffff&#8221; global_colors_info=&#8221;{}&#8221;]<\/p>\n<p style=\"text-align: left;\"><strong>Position: <\/strong>Senior lecturer<strong><br \/>\nInstitution: <\/strong>University of Leiden \u2013 Netherlands<br \/>\n<strong>Research topics:\u00a0<\/strong>Economic anthropology, extractive industry and Corporate Social Responsibility<\/p>\n<p>[\/et_pb_toggle][et_pb_testimonial portrait_url=&#8221;https:\/\/ifsra.org\/wp-content\/uploads\/2018\/07\/roger-zerbo2.jpg&#8221; quote_icon=&#8221;off&#8221; portrait_width=&#8221;112px&#8221; portrait_height=&#8221;112px&#8221; admin_label=&#8221;Portrait cercle&#8221; _builder_version=&#8221;4.16&#8243; background_color=&#8221;rgba(245,245,245,0)&#8221; custom_margin=&#8221;0px||0px|0px&#8221; custom_padding=&#8221;0px|20px|0px|10px&#8221; custom_css_main_element=&#8221;float:left;||&#8221; custom_css_testimonial_portrait=&#8221; background-position-y: 0;&#8221; global_colors_info=&#8221;{}&#8221;][\/et_pb_testimonial][et_pb_text admin_label=&#8221;Nom et poste Roger ZERBO&#8221; _builder_version=&#8221;4.16&#8243; header_2_font=&#8221;|800|||||||&#8221; header_2_font_size=&#8221;17px&#8221; custom_padding=&#8221;10px|10px||10px&#8221; global_colors_info=&#8221;{}&#8221;]<\/p>\n<h2>Roger<br \/>\nZERBO<\/h2>\n<p>Anthropologist<br \/>\n[\/et_pb_text][et_pb_toggle title=&#8221;More information&#8221; open_toggle_text_color=&#8221;#e8e8e8&#8243; icon_color=&#8221;#0a8896&#8243; open_icon_color=&#8221;#0a8896&#8243; admin_label=&#8221;More information&#8221; _builder_version=&#8221;4.16&#8243; title_text_color=&#8221;#0a8896&#8243; title_level=&#8221;h3&#8243; title_font=&#8221;|300|||||||&#8221; title_text_align=&#8221;left&#8221; title_font_size=&#8221;13px&#8221; body_text_align=&#8221;left&#8221; background_color=&#8221;rgba(255,255,255,0)&#8221; text_orientation=&#8221;left&#8221; custom_margin=&#8221;|||&#8221; custom_padding=&#8221;0px|10px|25px|10px&#8221; custom_css_open_toggle=&#8221;clear:both;&#8221; border_width_all=&#8221;0px&#8221; border_width_bottom=&#8221;32px&#8221; border_color_bottom=&#8221;#ffffff&#8221; global_colors_info=&#8221;{}&#8221;]<\/p>\n<p style=\"text-align: left;\"><strong>Position: <\/strong>Deputy Director in charge of Programmes<strong><br \/>\nInstitution: <\/strong>Institute of Society Sciences (INSS) of the National Centre for Scientific and Technological Research (CNRST) &#8211; Burkina Faso<br \/>\n<strong>Research topics:\u00a0<\/strong>Medical anthropology, sustainability of healthcare systems, food security<\/p>\n<p>[\/et_pb_toggle][\/et_pb_column][et_pb_column type=&#8221;1_3&#8243; _builder_version=&#8221;4.16&#8243; background_color=&#8221;#e8e8e8&#8243; custom_padding=&#8221;10px|||&#8221; global_colors_info=&#8221;{}&#8221; custom_padding__hover=&#8221;|||&#8221;][et_pb_testimonial portrait_url=&#8221;https:\/\/ifsra.org\/wp-content\/uploads\/2018\/07\/Jean-Pierre-Jacob-2_comite-scientifique3.jpg&#8221; quote_icon=&#8221;off&#8221; portrait_width=&#8221;112px&#8221; portrait_height=&#8221;112px&#8221; admin_label=&#8221;Portrait cercle&#8221; _builder_version=&#8221;4.16&#8243; background_color=&#8221;rgba(245,245,245,0)&#8221; custom_margin=&#8221;0px||0px|0px&#8221; custom_padding=&#8221;0px|20px|0px|10px&#8221; custom_css_main_element=&#8221;float:left;||&#8221; custom_css_testimonial_portrait=&#8221; background-position-y: 0;&#8221; global_colors_info=&#8221;{}&#8221;][\/et_pb_testimonial][et_pb_text admin_label=&#8221;Nom et poste Jean-Pierre JACOB&#8221; _builder_version=&#8221;4.16&#8243; header_2_font=&#8221;|800|||||||&#8221; header_2_font_size=&#8221;17px&#8221; custom_padding=&#8221;10px|10px||10px&#8221; global_colors_info=&#8221;{}&#8221;]<\/p>\n<h2>Jean-Pierre<br \/>\nJACOB<\/h2>\n<p>Socio-Anthropologist<br \/>\n[\/et_pb_text][et_pb_toggle title=&#8221;More information&#8221; open_toggle_text_color=&#8221;#e8e8e8&#8243; icon_color=&#8221;#0a8896&#8243; open_icon_color=&#8221;#0a8896&#8243; admin_label=&#8221;More information&#8221; _builder_version=&#8221;4.16&#8243; title_text_color=&#8221;#0a8896&#8243; title_level=&#8221;h3&#8243; title_font=&#8221;|300|||||||&#8221; title_text_align=&#8221;left&#8221; title_font_size=&#8221;13px&#8221; body_text_align=&#8221;left&#8221; background_color=&#8221;rgba(255,255,255,0)&#8221; text_orientation=&#8221;left&#8221; custom_margin=&#8221;|||&#8221; custom_padding=&#8221;0px|10px|25px|10px&#8221; custom_css_open_toggle=&#8221;clear:both;&#8221; border_width_all=&#8221;0px&#8221; border_width_bottom=&#8221;32px&#8221; border_color_bottom=&#8221;#ffffff&#8221; global_colors_info=&#8221;{}&#8221;]<\/p>\n<p style=\"text-align: left;\"><strong>Position: <\/strong>Professor emeritus<strong><br \/>\nInstitution: <\/strong>Graduate Institute of International and Development Studies \u2013 Switzerland<br \/>\n<strong>Research topics: <\/strong>Rural land tenure, local public services, anthropology for development<\/p>\n<p>[\/et_pb_toggle][et_pb_testimonial portrait_url=&#8221;https:\/\/ifsra.org\/wp-content\/uploads\/2018\/07\/Lawali-Dambo3.jpg&#8221; quote_icon=&#8221;off&#8221; portrait_width=&#8221;112px&#8221; portrait_height=&#8221;112px&#8221; admin_label=&#8221;Portrait cercle&#8221; _builder_version=&#8221;4.16&#8243; background_color=&#8221;rgba(245,245,245,0)&#8221; custom_margin=&#8221;0px||0px|0px&#8221; custom_padding=&#8221;0px|20px|0px|10px&#8221; custom_css_main_element=&#8221;float:left;||&#8221; custom_css_testimonial_portrait=&#8221; background-position-y: 0;&#8221; global_colors_info=&#8221;{}&#8221;][\/et_pb_testimonial][et_pb_text admin_label=&#8221;Nom et poste Lawali DAMBO&#8221; _builder_version=&#8221;4.16&#8243; header_2_font=&#8221;|800|||||||&#8221; header_2_font_size=&#8221;17px&#8221; custom_padding=&#8221;10px|10px||10px&#8221; global_colors_info=&#8221;{}&#8221;]<\/p>\n<h2>Lawali<br \/>\nDAMBO<\/h2>\n<p>Geographer<br \/>\n[\/et_pb_text][et_pb_toggle title=&#8221;More information&#8221; open_toggle_text_color=&#8221;#e8e8e8&#8243; icon_color=&#8221;#0a8896&#8243; open_icon_color=&#8221;#0a8896&#8243; admin_label=&#8221;More information&#8221; _builder_version=&#8221;4.16&#8243; title_text_color=&#8221;#0a8896&#8243; title_level=&#8221;h3&#8243; title_font=&#8221;|300|||||||&#8221; title_text_align=&#8221;left&#8221; title_font_size=&#8221;13px&#8221; body_text_align=&#8221;left&#8221; background_color=&#8221;rgba(255,255,255,0)&#8221; text_orientation=&#8221;left&#8221; custom_margin=&#8221;|||&#8221; custom_padding=&#8221;0px|10px|25px|10px&#8221; custom_css_open_toggle=&#8221;clear:both;&#8221; border_width_all=&#8221;0px&#8221; border_width_bottom=&#8221;32px&#8221; border_color_bottom=&#8221;#ffffff&#8221; global_colors_info=&#8221;{}&#8221;]<\/p>\n<p style=\"text-align: left;\"><strong>Position: <\/strong>Professor<strong><br \/>\nInstitution: <\/strong>University Abdou Moumouni of Niamey \u2013 Niger<br \/>\n<strong>Research topics:\u00a0<\/strong>Land Management, natural resource management, land tenure, GIS, cartography<\/p>\n<p>[\/et_pb_toggle][et_pb_testimonial portrait_url=&#8221;https:\/\/ifsra.org\/wp-content\/uploads\/2016\/10\/Peter_HOCHET.jpg&#8221; quote_icon=&#8221;off&#8221; portrait_width=&#8221;112px&#8221; portrait_height=&#8221;112px&#8221; admin_label=&#8221;Portrait cercle&#8221; _builder_version=&#8221;4.18.0&#8243; background_color=&#8221;rgba(245,245,245,0)&#8221; custom_margin=&#8221;0px||40px|0px&#8221; custom_padding=&#8221;0px|20px|0px|10px&#8221; custom_css_main_element=&#8221;float:left;||&#8221; custom_css_testimonial_portrait=&#8221; background-position-y: 0;&#8221; global_colors_info=&#8221;{}&#8221;][\/et_pb_testimonial][et_pb_text admin_label=&#8221;Nom et poste Peter HOCHET&#8221; _builder_version=&#8221;4.18.0&#8243; header_2_font=&#8221;|800|||||||&#8221; header_2_font_size=&#8221;17px&#8221; custom_padding=&#8221;10px|10px||10px&#8221; global_colors_info=&#8221;{}&#8221;]<\/p>\n<h2>Peter<br \/>HOCHET<\/h2>\n<p>Anthropologist<\/p>\n<p>[\/et_pb_text][et_pb_toggle title=&#8221;More information&#8221; open_toggle_text_color=&#8221;#e8e8e8&#8243; icon_color=&#8221;#0a8896&#8243; open_icon_color=&#8221;#0a8896&#8243; admin_label=&#8221;More information&#8221; _builder_version=&#8221;4.18.0&#8243; title_text_color=&#8221;#0a8896&#8243; title_level=&#8221;h3&#8243; title_font=&#8221;|300|||||||&#8221; title_text_align=&#8221;left&#8221; title_font_size=&#8221;13px&#8221; body_text_align=&#8221;left&#8221; background_color=&#8221;rgba(255,255,255,0)&#8221; text_orientation=&#8221;left&#8221; custom_margin=&#8221;|||&#8221; custom_padding=&#8221;0px|10px|25px|10px&#8221; custom_css_open_toggle=&#8221;clear:both;&#8221; border_width_all=&#8221;0px&#8221; border_width_bottom=&#8221;32px&#8221; border_color_bottom=&#8221;#ffffff&#8221; global_colors_info=&#8221;{}&#8221;]<\/p>\n<p style=\"text-align: left;\"><strong>Position: <\/strong>General Director for Africa, Doctor of the EHESS, Scientific Director of the Citoyennet\u00e9s laboratory (2015-2019), Scientific Director of IFSRA (2016-2022)<\/p>\n<p style=\"text-align: left;\"><strong>Institution<\/strong>: INSUCO &#8211; France<\/p>\n<p><strong>Research topics:<\/strong> Ethnography of the governance of land relations in West Africa (Senegal, Mali, Burkina Faso, Benin, Guinea, Niger), issues of expropriation, compensation and resettlement in public and private projects of land development and natural resource exploitation<\/p>\n<p>[\/et_pb_toggle][\/et_pb_column][\/et_pb_row][\/et_pb_section]<\/p>\n","protected":false},"excerpt":{"rendered":"<p>As an association dedicated to research in social sciences, IFSRA has set up an international scientific committee. Composed of members from international institutions and African universities, its main role is to contribute to IFSRA scientific policy together with the Scientific Director, in particular: By giving its opinion on research programmes and support activities implemented by [&hellip;]<\/p>\n","protected":false},"author":3,"featured_media":0,"parent":0,"menu_order":0,"comment_status":"closed","ping_status":"closed","template":"","meta":{"_et_pb_use_builder":"on","_et_pb_old_content":"<p>En tant que fondation d\u00e9di\u00e9e \u00e0 la recherche en sciences sociales, l\u2019IFSRA s\u2019est dot\u00e9e d\u2019un comit\u00e9 scientifique international.<\/p><p>Compos\u00e9 de sept membres issus d\u2019institutions internationales et d\u2019Universit\u00e9s africaines, son r\u00f4le principal est de contribuer \u00e0 la politique scientifique de l\u2019IFSRA aux c\u00f4t\u00e9s du directeur scientifique\u00a0:<\/p><ul><li>Il donne son avis sur les programmes de recherche mis en \u0153uvre et les activit\u00e9s de soutien \u00e0 la recherche.<\/li><li>Il propose des th\u00e9matiques de journ\u00e9es d\u2019\u00e9tude, des stages de terrain et sugg\u00e8re des colloques et conf\u00e9rences auxquels les membres de l\u2019IFSRA pourraient participer.<\/li><li>Ses membres sont mobilis\u00e9s individuellement pour r\u00e9viser les productions scientifiques diffus\u00e9es au nom de l\u2019IFSRA.<\/li><li>Ses membres peuvent aussi \u00eatre mobilis\u00e9s \u00e0 titre individuel pour participer aux programmes de recherche et aux activit\u00e9s scientifiques financ\u00e9es par l\u2019IFSRA.<\/li><\/ul><h3>Les membres du comit\u00e9 scientifique de l\u2019IFSRA<\/h3><table width=\"100%\"><tbody><tr><td>Bationo Fernand<\/td><td>Universit\u00e9 de Ouaga 1 Pr Joseph KI-ZERBO<\/td><td>Burkina Faso<\/td><td>Sociologie.<br \/> Maitre de conf\u00e9rence.<br \/> Sociologie de la sant\u00e9, vuln\u00e9rabilit\u00e9s et syst\u00e8mes de protection sociale, institutions judiciaires.<\/td><\/tr><tr><td>Dambo Lawali<\/td><td>Universit\u00e9 Abdou Moumouni de Niamey<\/td><td>Niger<\/td><td>G\u00e9ographie.<br \/> Professeur.<br \/> Am\u00e9nagement du territoire, gestion des ressources naturelles, foncier, SIG, cartographie AO.<\/td><\/tr><tr><td>Dar\u00e9 William\u2019s<\/td><td>Centre international de recherche agronomique pour le d\u00e9veloppement (CIRAD)<\/td><td>France<\/td><td>Sociologue.<br \/> Chercheur.<br \/> Gestion des ressources naturelles, animation et mod\u00e9lisation participative.<\/td><\/tr><tr><td>Jacob Jean-Pierre<\/td><td>Graduate Institute of International and Development Studies<\/td><td>Suisse<\/td><td>Anthropologie et sociologie. Professeur \u00e9m\u00e9rite.<br \/> Foncier rural, service public \u00e0 l\u2019\u00e9chelle locale, anthropologie du d\u00e9veloppement.<\/td><\/tr><tr><td>Kouam\u00e9 Georges<\/td><td>Universit\u00e9 F\u00e9lix Houphouet Boigny d\u2019Abidjan<\/td><td>C\u00f4te d\u2019Ivoire<\/td><td>Socio-anthropologie.<br \/> Maitre-assistant.<br \/> Foncier rural et d\u00e9veloppement.<\/td><\/tr><tr><td>Lavigne Delville Philippe<\/td><td>Institut de recherche pour le d\u00e9veloppement (IRD)<\/td><td>France<\/td><td>Socio-anthropologie.<br \/> Directeur de recherche HDR.<br \/> Projets de d\u00e9veloppement, politiques publiques, foncier, gestion des ressources naturelles.<\/td><\/tr><tr><td>Luning Sabine<\/td><td>University of Leiden<\/td><td>Pays-Bas<\/td><td>Anthropologie \u00e9conomique.<br \/> Maitre de conf\u00e9rence.<br \/> Exploitation mini\u00e8re et responsabilit\u00e9 sociale des entreprises.<\/td><\/tr><\/tbody><\/table>","_et_gb_content_width":"","footnotes":""},"class_list":["post-1310","page","type-page","status-publish","hentry"],"_links":{"self":[{"href":"https:\/\/ifsra.org\/en\/wp-json\/wp\/v2\/pages\/1310","targetHints":{"allow":["GET"]}}],"collection":[{"href":"https:\/\/ifsra.org\/en\/wp-json\/wp\/v2\/pages"}],"about":[{"href":"https:\/\/ifsra.org\/en\/wp-json\/wp\/v2\/types\/page"}],"author":[{"embeddable":true,"href":"https:\/\/ifsra.org\/en\/wp-json\/wp\/v2\/users\/3"}],"replies":[{"embeddable":true,"href":"https:\/\/ifsra.org\/en\/wp-json\/wp\/v2\/comments?post=1310"}],"version-history":[{"count":4,"href":"https:\/\/ifsra.org\/en\/wp-json\/wp\/v2\/pages\/1310\/revisions"}],"predecessor-version":[{"id":2194,"href":"https:\/\/ifsra.org\/en\/wp-json\/wp\/v2\/pages\/1310\/revisions\/2194"}],"wp:attachment":[{"href":"https:\/\/ifsra.org\/en\/wp-json\/wp\/v2\/media?parent=1310"}],"curies":[{"name":"wp","href":"https:\/\/api.w.org\/{rel}","templated":true}]}}