{"id":1339,"date":"2016-12-06T14:15:03","date_gmt":"2016-12-06T13:15:03","guid":{"rendered":"https:\/\/ifsra.org\/?page_id=1339"},"modified":"2023-03-03T10:06:59","modified_gmt":"2023-03-03T09:06:59","slug":"ours-values","status":"publish","type":"page","link":"https:\/\/ifsra.org\/en\/ours-values\/","title":{"rendered":"Ours values"},"content":{"rendered":"<p>[et_pb_section fb_built=&#8221;1&#8243; custom_padding_last_edited=&#8221;on|desktop&#8221; admin_label=&#8221;section&#8221; _builder_version=&#8221;4.16&#8243; custom_padding_tablet=&#8221;50px|0|50px|0&#8243; custom_padding_phone=&#8221;&#8221; transparent_background=&#8221;off&#8221; padding_mobile=&#8221;off&#8221; make_fullwidth=&#8221;off&#8221; use_custom_width=&#8221;off&#8221; width_unit=&#8221;off&#8221; custom_width_px=&#8221;1080px&#8221; custom_width_percent=&#8221;80%&#8221; global_colors_info=&#8221;{}&#8221;][et_pb_row column_structure=&#8221;1_2,1_2&#8243; padding_mobile=&#8221;off&#8221; column_padding_mobile=&#8221;on&#8221; admin_label=&#8221;row&#8221; _builder_version=&#8221;4.16&#8243; background_size=&#8221;initial&#8221; background_position=&#8221;top_left&#8221; background_repeat=&#8221;repeat&#8221; make_fullwidth=&#8221;off&#8221; use_custom_width=&#8221;off&#8221; width_unit=&#8221;off&#8221; custom_width_px=&#8221;1080px&#8221; custom_width_percent=&#8221;80%&#8221; global_colors_info=&#8221;{}&#8221;][et_pb_column type=&#8221;1_2&#8243; _builder_version=&#8221;4.16&#8243; custom_padding=&#8221;|||&#8221; global_colors_info=&#8221;{}&#8221; custom_padding__hover=&#8221;|||&#8221;][et_pb_image src=&#8221;https:\/\/ifsra.org\/wp-content\/uploads\/2019\/04\/image2.png&#8221; align=&#8221;center&#8221; align_tablet=&#8221;center&#8221; align_phone=&#8221;&#8221; align_last_edited=&#8221;on|desktop&#8221; _builder_version=&#8221;4.16&#8243; min_height=&#8221;381px&#8221; custom_margin=&#8221;-51px||0px|||&#8221; custom_padding=&#8221;20px|||||&#8221; animation_style=&#8221;slide&#8221; animation_direction=&#8221;left&#8221; animation_duration=&#8221;500ms&#8221; animation_intensity_slide=&#8221;10%&#8221; use_border_color=&#8221;off&#8221; global_colors_info=&#8221;{}&#8221;][\/et_pb_image][\/et_pb_column][et_pb_column type=&#8221;1_2&#8243; _builder_version=&#8221;4.16&#8243; custom_padding=&#8221;|||&#8221; global_colors_info=&#8221;{}&#8221; custom_padding__hover=&#8221;|||&#8221;][et_pb_post_title meta=&#8221;off&#8221; featured_image=&#8221;off&#8221; admin_label=&#8221;Titre d\u2019article (se r\u00e8gle automatiquement)&#8221; _builder_version=&#8221;4.18.0&#8243; title_font=&#8221;|||on|||||&#8221; title_font_size=&#8221;30px&#8221; title_letter_spacing=&#8221;2px&#8221; background_color=&#8221;rgba(255,255,255,0)&#8221; text_orientation=&#8221;justified&#8221; custom_margin=&#8221;||20px|&#8221; custom_css_main_element=&#8221;width: 100%;||border-bottom: 3px solid #5e5e5e;&#8221; use_border_color=&#8221;off&#8221; saved_tabs=&#8221;all&#8221; global_colors_info=&#8221;{}&#8221;][\/et_pb_post_title][et_pb_blurb title=&#8221;Social utility and dissemination&#8221; use_icon=&#8221;on&#8221; font_icon=&#8221;&#xf0a1;||fa||900&#8243; image_icon_width=&#8221;55px&#8221; _builder_version=&#8221;4.20.0&#8243; _module_preset=&#8221;default&#8221; custom_padding=&#8221;58px||0px|||&#8221; hover_enabled=&#8221;0&#8243; global_colors_info=&#8221;{}&#8221; sticky_enabled=&#8221;0&#8243;]<\/p>\n<ul>\n<li style=\"font-weight: 400;\" aria-level=\"1\">To promote applied research that aims to benefit society<\/li>\n<li style=\"font-weight: 400;\" aria-level=\"1\">Publicly disseminate our results, notably via our blog, and promote open access research more widely<\/li>\n<li style=\"font-weight: 400;\" aria-level=\"1\">Encourage innovative forms of dissemination to reach a wide audience<\/li>\n<\/ul>\n<p>[\/et_pb_blurb][\/et_pb_column][\/et_pb_row][et_pb_row column_structure=&#8221;1_2,1_2&#8243; _builder_version=&#8221;4.18.0&#8243; _module_preset=&#8221;default&#8221; global_colors_info=&#8221;{}&#8221;][et_pb_column type=&#8221;1_2&#8243; _builder_version=&#8221;4.18.0&#8243; _module_preset=&#8221;default&#8221; global_colors_info=&#8221;{}&#8221;][et_pb_blurb title=&#8221;Excellence in research in and on the Global South&#8221; use_icon=&#8221;on&#8221; font_icon=&#8221;&#xf19d;||fa||900&#8243; image_icon_width=&#8221;55px&#8221; _builder_version=&#8221;4.20.0&#8243; _module_preset=&#8221;default&#8221; hover_enabled=&#8221;0&#8243; global_colors_info=&#8221;{}&#8221; sticky_enabled=&#8221;0&#8243;]<\/p>\n<ul>\n<li style=\"font-weight: 400;\" aria-level=\"1\">To train young researchers and facilitate research innovation produced in the South<\/li>\n<li style=\"font-weight: 400;\" aria-level=\"1\">Provide a space for exchange of practices and reflexivity among peers for our associate researchers<\/li>\n<li style=\"font-weight: 400;\" aria-level=\"1\">Regularly share our research with peers (through colloquia, scientific journals, networks, etc.) in order to discuss, analyse and evaluate our findings.<\/li>\n<\/ul>\n<p>[\/et_pb_blurb][\/et_pb_column][et_pb_column type=&#8221;1_2&#8243; _builder_version=&#8221;4.18.0&#8243; _module_preset=&#8221;default&#8221; global_colors_info=&#8221;{}&#8221;][et_pb_blurb title=&#8221;Respect and transparency&#8221; use_icon=&#8221;on&#8221; font_icon=&#8221;&#xe066;||divi||400&#8243; image_icon_width=&#8221;55px&#8221; _builder_version=&#8221;4.20.0&#8243; _module_preset=&#8221;default&#8221; hover_enabled=&#8221;0&#8243; global_colors_info=&#8221;{}&#8221; sticky_enabled=&#8221;0&#8243;]<\/p>\n<ul>\n<li>Inform and discuss with all stakeholders the objectives of the research<\/li>\n<li>Ensure that the research does not harm those who participate in it, notably by guaranteeing the anonymity of respondents, and respecting their right to privacy as well as the safety of our researchers<\/li>\n<li>Disseminate the results of the research to all stakeholders.<\/li>\n<\/ul>\n<p>[\/et_pb_blurb][\/et_pb_column][\/et_pb_row][et_pb_row _builder_version=&#8221;4.18.0&#8243; _module_preset=&#8221;default&#8221; global_colors_info=&#8221;{}&#8221;][et_pb_column type=&#8221;4_4&#8243; _builder_version=&#8221;4.18.0&#8243; _module_preset=&#8221;default&#8221; global_colors_info=&#8221;{}&#8221;][et_pb_blurb title=&#8221;Innovation&#8221; use_icon=&#8221;on&#8221; font_icon=&#8221;&#xf0eb;||fa||400&#8243; image_icon_width=&#8221;55px&#8221; _builder_version=&#8221;4.20.0&#8243; _module_preset=&#8221;default&#8221; hover_enabled=&#8221;0&#8243; global_colors_info=&#8221;{}&#8221; sticky_enabled=&#8221;0&#8243;]<\/p>\n<ul>\n<li>Promote, whenever possible, participatory research that makes the participants full-fledged actors in our research projects<\/li>\n<li>Encourage methodological innovation to ensure the quality of our work<\/li>\n<li>Develop collaborations with local research partners.<\/li>\n<\/ul>\n<p>[\/et_pb_blurb][\/et_pb_column][\/et_pb_row][\/et_pb_section]<\/p>\n","protected":false},"excerpt":{"rendered":"<p>To promote applied research that aims to benefit society Publicly disseminate our results, notably via our blog, and promote open access research more widely Encourage innovative forms of dissemination to reach a wide audience To train young researchers and facilitate research innovation produced in the South Provide a space for exchange of practices and reflexivity [&hellip;]<\/p>\n","protected":false},"author":3,"featured_media":0,"parent":0,"menu_order":0,"comment_status":"closed","ping_status":"closed","template":"","meta":{"_et_pb_use_builder":"on","_et_pb_old_content":"[:fr]<strong>Excellence\u00a0:<\/strong> des \u00e9quipes hautement qualifi\u00e9es pour des m\u00e9thodologies performantes dans un souci permanent de d\u00e9passement\r\n\r\n<strong>Synergie<\/strong>\u00a0<strong>:<\/strong> une interdisciplinarit\u00e9, une interculturalit\u00e9 et un partage continu des connaissances pour une optimisation de la qualit\u00e9 de nos travaux\r\n\r\n<strong>Int\u00e9grit\u00e9<\/strong>\u00a0<strong>: <\/strong>la transparence dans les relations et le respect des parties prenantes pour une application sans faille de nos principes de bonne conduite dans la recherche\r\n\r\n<strong>Innovation<\/strong>\u00a0<strong>: <\/strong>exp\u00e9rimentation et veille des meilleures pratiques de la recherche pour des solutions \u00e0 la pointe de l\u2019innovation\r\n\r\n<strong>Pragmatisme<\/strong>\u00a0<strong>: <\/strong>prise en compte des enjeux et int\u00e9r\u00eats des parties prenantes pour des approches sur mesure et op\u00e9rationnelles[:en]<p style=\"margin: .1pt 0cm .1pt 0cm;\"><strong><span lang=\"EN-GB\">Excellence:<\/span><\/strong><span lang=\"EN-GB\"> we maintain highly qualified teams to propose effective methodologies and always strive to exceed expectations.<\/span><\/p>\r\n<p style=\"margin: .1pt 0cm .1pt 0cm;\"><strong><span lang=\"EN-GB\">Synergy<\/span><\/strong><span lang=\"EN-GB\">: our interdisciplinary and intercultural teams continually share their knowledge to optimise the quality of our research works.<\/span><\/p>\r\n<p style=\"margin: .1pt 0cm .1pt 0cm;\"><strong><span lang=\"EN-GB\">Integrity<\/span><\/strong><span lang=\"EN-GB\">: we demand transparency in our relations and respect of all stakeholders to ensure faultless application of our principles of good research conduct.<\/span><\/p>\r\n<p style=\"margin: .1pt 0cm .1pt 0cm;\"><strong><span lang=\"EN-GB\">Innovation<\/span><\/strong><span lang=\"EN-GB\">: we experiment, research and monitor best practice for cutting edge innovative researches.<\/span><\/p>\r\n<p style=\"margin: .1pt 0cm .1pt 0cm;\"><strong><span lang=\"EN-GB\">Pragmatism<\/span><\/strong><span lang=\"EN-GB\">: we consider the priorities and interests of all stakeholders to build tailor-made and operational approaches.<\/span><\/p>[:]","_et_gb_content_width":"","footnotes":""},"class_list":["post-1339","page","type-page","status-publish","hentry"],"_links":{"self":[{"href":"https:\/\/ifsra.org\/en\/wp-json\/wp\/v2\/pages\/1339","targetHints":{"allow":["GET"]}}],"collection":[{"href":"https:\/\/ifsra.org\/en\/wp-json\/wp\/v2\/pages"}],"about":[{"href":"https:\/\/ifsra.org\/en\/wp-json\/wp\/v2\/types\/page"}],"author":[{"embeddable":true,"href":"https:\/\/ifsra.org\/en\/wp-json\/wp\/v2\/users\/3"}],"replies":[{"embeddable":true,"href":"https:\/\/ifsra.org\/en\/wp-json\/wp\/v2\/comments?post=1339"}],"version-history":[{"count":6,"href":"https:\/\/ifsra.org\/en\/wp-json\/wp\/v2\/pages\/1339\/revisions"}],"predecessor-version":[{"id":2176,"href":"https:\/\/ifsra.org\/en\/wp-json\/wp\/v2\/pages\/1339\/revisions\/2176"}],"wp:attachment":[{"href":"https:\/\/ifsra.org\/en\/wp-json\/wp\/v2\/media?parent=1339"}],"curies":[{"name":"wp","href":"https:\/\/api.w.org\/{rel}","templated":true}]}}