{"id":1354,"date":"2019-09-13T11:38:51","date_gmt":"2019-09-13T09:38:51","guid":{"rendered":"https:\/\/ifsra.org\/?page_id=1354"},"modified":"2024-09-17T11:35:32","modified_gmt":"2024-09-17T09:35:32","slug":"our-team","status":"publish","type":"page","link":"https:\/\/ifsra.org\/en\/our-team\/","title":{"rendered":"Our Team"},"content":{"rendered":"<p>[et_pb_section fb_built=&#8221;1&#8243; custom_padding_last_edited=&#8221;on|desktop&#8221; _builder_version=&#8221;4.16&#8243; custom_padding_tablet=&#8221;50px|0|50px|0&#8243; custom_padding_phone=&#8221;&#8221; global_colors_info=&#8221;{}&#8221;][et_pb_row _builder_version=&#8221;4.16&#8243; background_size=&#8221;initial&#8221; background_position=&#8221;top_left&#8221; background_repeat=&#8221;repeat&#8221; global_colors_info=&#8221;{}&#8221;][et_pb_column type=&#8221;4_4&#8243; _builder_version=&#8221;4.16&#8243; custom_padding=&#8221;|||&#8221; global_colors_info=&#8221;{}&#8221; custom_padding__hover=&#8221;|||&#8221;][et_pb_image src=&#8221;https:\/\/ifsra.org\/wp-content\/uploads\/2018\/07\/bandeau-comite-sci.jpg&#8221; align_tablet=&#8221;center&#8221; align_phone=&#8221;&#8221; align_last_edited=&#8221;on|desktop&#8221; disabled_on=&#8221;on|on|on&#8221; _builder_version=&#8221;4.16&#8243; animation_style=&#8221;slide&#8221; animation_duration=&#8221;500ms&#8221; animation_intensity_slide=&#8221;10%&#8221; disabled=&#8221;on&#8221; global_colors_info=&#8221;{}&#8221;][\/et_pb_image][et_pb_post_title meta=&#8221;off&#8221; featured_image=&#8221;off&#8221; _builder_version=&#8221;4.16&#8243; title_font=&#8221;|||on|||||&#8221; title_font_size=&#8221;30px&#8221; title_letter_spacing=&#8221;2px&#8221; background_color=&#8221;rgba(255,255,255,0)&#8221; custom_margin=&#8221;||20px|&#8221; custom_css_main_element=&#8221;width: 100%;||border-bottom: 3px solid #5e5e5e;&#8221; use_border_color=&#8221;off&#8221; saved_tabs=&#8221;all&#8221; global_colors_info=&#8221;{}&#8221;][\/et_pb_post_title][\/et_pb_column][\/et_pb_row][et_pb_row column_structure=&#8221;1_3,1_3,1_3&#8243; use_custom_gutter=&#8221;on&#8221; gutter_width=&#8221;2&#8243; _builder_version=&#8221;4.16&#8243; background_size=&#8221;initial&#8221; background_position=&#8221;top_left&#8221; background_repeat=&#8221;repeat&#8221; custom_padding=&#8221;|||&#8221; global_colors_info=&#8221;{}&#8221;][et_pb_column type=&#8221;1_3&#8243; _builder_version=&#8221;4.16&#8243; background_color=&#8221;#e8e8e8&#8243; custom_padding=&#8221;10px|||&#8221; global_colors_info=&#8221;{}&#8221; custom_padding__hover=&#8221;|||&#8221;][et_pb_testimonial portrait_url=&#8221;https:\/\/ifsra.org\/wp-content\/uploads\/2024\/09\/Capture-decran-2024-09-17-a-10.47.38.png&#8221; quote_icon=&#8221;off&#8221; portrait_width=&#8221;112px&#8221; portrait_height=&#8221;112px&#8221; admin_label=&#8221;Portrait cercle&#8221; _builder_version=&#8221;4.27.0&#8243; background_color=&#8221;rgba(245,245,245,0)&#8221; custom_margin=&#8221;0px||0px|0px&#8221; custom_padding=&#8221;0px|20px|0px|10px&#8221; custom_css_main_element=&#8221;float:left;||&#8221; custom_css_testimonial_portrait=&#8221; background-position-y: -5px;&#8221; global_colors_info=&#8221;{}&#8221;][\/et_pb_testimonial][et_pb_text admin_label=&#8221;Nom et poste Constance Perrin-Joly&#8221; _builder_version=&#8221;4.27.0&#8243; header_2_font=&#8221;|800|||||||&#8221; header_2_font_size=&#8221;17px&#8221; custom_padding=&#8221;10px|10px||148px||&#8221; global_colors_info=&#8221;{}&#8221;]<\/p>\n<h2>Antonia<br \/>VERGER<\/h2>\n<p>Director<\/p>\n<p>[\/et_pb_text][et_pb_toggle title=&#8221;More information&#8221; open_toggle_text_color=&#8221;#e8e8e8&#8243; icon_color=&#8221;#0a8896&#8243; open_icon_color=&#8221;#0a8896&#8243; admin_label=&#8221;More information&#8221; _builder_version=&#8221;4.27.0&#8243; title_text_color=&#8221;#0a8896&#8243; title_level=&#8221;h3&#8243; title_font=&#8221;|300|||||||&#8221; title_text_align=&#8221;left&#8221; title_font_size=&#8221;13px&#8221; body_text_align=&#8221;left&#8221; background_color=&#8221;rgba(255,255,255,0)&#8221; text_orientation=&#8221;left&#8221; min_height=&#8221;71px&#8221; custom_margin=&#8221;|||&#8221; custom_padding=&#8221;0px|10px|25px|10px&#8221; custom_css_open_toggle=&#8221;clear:both;&#8221; border_width_all=&#8221;0px&#8221; border_width_bottom=&#8221;32px&#8221; border_color_bottom=&#8221;#ffffff&#8221; global_colors_info=&#8221;{}&#8221;]<\/p>\n<p>With a doctorate in sociology and demography from the University of Paris V (Descartes-Sorbonne Paris Cit\u00e9), she has devoted herself to the study of the social sciences since the start of her university studies, first at undergraduate level and then at master&#8217;s level, specialising in the sociology-anthropology and demography of development. Driven by a passion for applied research, she strives to analyse complex and sensitive issues. She has carried out a number of field studies, notably on gender, extreme poverty and education in the slums of Chennai, South India, and on extreme poverty, public education and child labour in the rural areas of Vakinakaratra and the slums of Antanarivo, Madagascar.<br \/>More recently, she was commissioned by Expertise France and the European Union to design and implement collaborative action research in education, aimed at monitoring the latest educational reform in Mauritania. She also worked for two years as a contract teacher-researcher in sociology and anthropology at several French universities. Her professional career has therefore spanned university teaching, research and expertise.<\/p>\n<p>She has been an associate researcher at Ifsra for almost a year now, and sees it as a fantastic opportunity to develop and promote the social sciences, by breaking down the barriers between different ways of producing knowledge. She attaches particular importance to legitimising the different ways of constructing knowledge, whatever the type of player involved, and to maintaining dialogue between academic circles and other professional sectors. In her view, this is essential if we are to meet the economic, social and environmental challenges facing us today.<\/p>\n<p>[\/et_pb_toggle][et_pb_testimonial portrait_url=&#8221;https:\/\/ifsra.org\/wp-content\/uploads\/2023\/04\/photo-Cecile.jpg&#8221; quote_icon=&#8221;off&#8221; portrait_width=&#8221;112px&#8221; portrait_height=&#8221;112px&#8221; admin_label=&#8221;Portrait cercle&#8221; _builder_version=&#8221;4.20.0&#8243; background_color=&#8221;rgba(245,245,245,0)&#8221; custom_margin=&#8221;0px||0px|0px&#8221; custom_padding=&#8221;0px|20px|0px|10px&#8221; custom_css_main_element=&#8221;float:left;||&#8221; custom_css_testimonial_portrait=&#8221; background-position-y: -5px;&#8221; global_colors_info=&#8221;{}&#8221;][\/et_pb_testimonial][et_pb_text admin_label=&#8221;Nom et poste Rasmata Ou\u00e9draogo Sawadogo&#8221; _builder_version=&#8221;4.20.0&#8243; header_2_font=&#8221;|800|||||||&#8221; header_2_font_size=&#8221;17px&#8221; custom_padding=&#8221;10px|10px||140px||&#8221; locked=&#8221;off&#8221; global_colors_info=&#8221;{}&#8221;]<\/p>\n<h2>C\u00e9cile<br \/>ARTIGAUD<\/h2>\n<p>Research Officer &#8211; PhD Candidate<\/p>\n<p>[\/et_pb_text][et_pb_toggle title=&#8221;More information&#8221; open_toggle_text_color=&#8221;#e8e8e8&#8243; icon_color=&#8221;#0a8896&#8243; open_icon_color=&#8221;#0a8896&#8243; admin_label=&#8221;More information&#8221; _builder_version=&#8221;4.20.0&#8243; title_text_color=&#8221;#0a8896&#8243; title_level=&#8221;h3&#8243; title_font=&#8221;|300|||||||&#8221; title_text_align=&#8221;left&#8221; title_font_size=&#8221;13px&#8221; body_text_align=&#8221;left&#8221; background_color=&#8221;rgba(255,255,255,0)&#8221; text_orientation=&#8221;left&#8221; min_height=&#8221;71px&#8221; custom_margin=&#8221;|||&#8221; custom_padding=&#8221;0px|10px|25px|10px&#8221; custom_css_open_toggle=&#8221;clear:both;&#8221; border_width_all=&#8221;0px&#8221; border_width_bottom=&#8221;32px&#8221; border_color_bottom=&#8221;#ffffff&#8221; global_colors_info=&#8221;{}&#8221;]<\/p>\n<p>C\u00e9cile is a research fellow at IFSRA. She is preparing a doctoral research project on climate migration in West Africa. She holds an LLM in public international law, during which she wrote a dissertation on environmental impact studies in the context of hydrocarbon development. She then became involved in the defense of indigenous rights in Canada. During her last functions as a project manager for INSUCO, she became more interested in themes surrounding the protection of refugees.<\/p>\n<p>[\/et_pb_toggle][\/et_pb_column][et_pb_column type=&#8221;1_3&#8243; _builder_version=&#8221;4.16&#8243; background_color=&#8221;#e8e8e8&#8243; custom_padding=&#8221;10px|||&#8221; global_colors_info=&#8221;{}&#8221; custom_padding__hover=&#8221;|||&#8221;][et_pb_testimonial portrait_url=&#8221;https:\/\/ifsra.org\/wp-content\/uploads\/2023\/04\/Photo-Marco-Alves-scaled.jpg&#8221; quote_icon=&#8221;off&#8221; portrait_width=&#8221;112px&#8221; portrait_height=&#8221;112px&#8221; admin_label=&#8221;Portrait cercle&#8221; _builder_version=&#8221;4.20.0&#8243; background_color=&#8221;rgba(245,245,245,0)&#8221; custom_margin=&#8221;0px||0px|0px&#8221; custom_padding=&#8221;0px|20px|0px|10px&#8221; custom_css_main_element=&#8221;float:left;||&#8221; custom_css_testimonial_portrait=&#8221; background-position-y: 0;&#8221; global_colors_info=&#8221;{}&#8221;][\/et_pb_testimonial][et_pb_text admin_label=&#8221;Nom et poste Marco ALVES&#8221; _builder_version=&#8221;4.18.0&#8243; header_2_font=&#8221;|800|||||||&#8221; header_2_font_size=&#8221;17px&#8221; custom_padding=&#8221;10px|10px||10px&#8221; global_colors_info=&#8221;{}&#8221;]<\/p>\n<h2>Marco<br \/>ALVES<\/h2>\n<p>President<\/p>\n<p>[\/et_pb_text][et_pb_toggle title=&#8221;More information&#8221; open_toggle_text_color=&#8221;#e8e8e8&#8243; icon_color=&#8221;#0a8896&#8243; open_icon_color=&#8221;#0a8896&#8243; admin_label=&#8221;More information&#8221; _builder_version=&#8221;4.18.0&#8243; title_text_color=&#8221;#0a8896&#8243; title_level=&#8221;h3&#8243; title_font=&#8221;|300|||||||&#8221; title_text_align=&#8221;left&#8221; title_font_size=&#8221;13px&#8221; body_text_align=&#8221;left&#8221; background_color=&#8221;rgba(255,255,255,0)&#8221; text_orientation=&#8221;left&#8221; custom_margin=&#8221;|||&#8221; custom_padding=&#8221;0px|10px|25px|10px&#8221; custom_css_open_toggle=&#8221;clear:both;&#8221; border_width_all=&#8221;0px&#8221; border_width_bottom=&#8221;32px&#8221; border_color_bottom=&#8221;#ffffff&#8221; global_colors_info=&#8221;{}&#8221;]<\/p>\n<p>Holder of Masters II in International Affairs, International Law and Political Sciences (ILERI, Grenoble II and Paris X), Marco has a professional background that allowed him to evolve in the private sector, the public sector, NGOs and the social and solidarity economy sector. Marco worked in Latin America for 10 years \u00a0and more recently in Africa with experiences in various NGOs in the Central African Republic and Burkina Faso in particular. Specialist in risk management, territorial development and economic recovery with missions in more than 20 countries, working in a multicultural context is obvious to him.<\/p>\n<p>[\/et_pb_toggle][et_pb_testimonial portrait_url=&#8221;https:\/\/ifsra.org\/wp-content\/uploads\/2016\/10\/Sa\u00efdou_RAKISSAGA.jpg&#8221; quote_icon=&#8221;off&#8221; portrait_width=&#8221;112px&#8221; portrait_height=&#8221;112px&#8221; admin_label=&#8221;Portrait cercle&#8221; _builder_version=&#8221;4.16&#8243; background_color=&#8221;rgba(245,245,245,0)&#8221; custom_margin=&#8221;0px||0px|0px&#8221; custom_padding=&#8221;0px|20px|0px|10px&#8221; custom_css_main_element=&#8221;float:left;||&#8221; custom_css_testimonial_portrait=&#8221; background-position-y: 0;&#8221; global_colors_info=&#8221;{}&#8221;][\/et_pb_testimonial][et_pb_text admin_label=&#8221;Nom et poste Sa\u00efdou RAKISSAGA&#8221; _builder_version=&#8221;4.16&#8243; header_2_font=&#8221;|800|||||||&#8221; header_2_font_size=&#8221;17px&#8221; custom_padding=&#8221;10px|10px||10px&#8221; global_colors_info=&#8221;{}&#8221;]<\/p>\n<h2>Sa\u00efdou<br \/>\nRAKISSAGA<\/h2>\n<p>Treasurer<\/p>\n<p>[\/et_pb_text][et_pb_toggle title=&#8221;More information&#8221; open_toggle_text_color=&#8221;#e8e8e8&#8243; icon_color=&#8221;#0a8896&#8243; open_icon_color=&#8221;#0a8896&#8243; admin_label=&#8221;More information&#8221; _builder_version=&#8221;4.16&#8243; title_text_color=&#8221;#0a8896&#8243; title_level=&#8221;h3&#8243; title_font=&#8221;|300|||||||&#8221; title_text_align=&#8221;left&#8221; title_font_size=&#8221;13px&#8221; body_text_align=&#8221;left&#8221; background_color=&#8221;rgba(255,255,255,0)&#8221; text_orientation=&#8221;left&#8221; custom_margin=&#8221;|||&#8221; custom_padding=&#8221;0px|10px|25px|10px&#8221; custom_css_open_toggle=&#8221;clear:both;&#8221; border_width_all=&#8221;0px&#8221; border_width_bottom=&#8221;32px&#8221; border_color_bottom=&#8221;#ffffff&#8221; global_colors_info=&#8221;{}&#8221;]<\/p>\n<p>\nSa\u00efdou is the administrative and financial manager of Insuco in Burkina Faso. He holds two master\u2019s degrees: one in finance, accounting and audit and another in economics, company management and organization from the University of Ouagadougou. He has worked for mining companies as well as audit firms where he was an auditor. He was team leader for statutory audits for mining and mobile phone companies as well as for development projects in Burkina Faso.<\/p>\n<p>[\/et_pb_toggle][\/et_pb_column][et_pb_column type=&#8221;1_3&#8243; _builder_version=&#8221;4.16&#8243; background_color=&#8221;#e8e8e8&#8243; custom_padding=&#8221;10px|||&#8221; global_colors_info=&#8221;{}&#8221; custom_padding__hover=&#8221;|||&#8221;][et_pb_testimonial portrait_url=&#8221;https:\/\/ifsra.org\/wp-content\/uploads\/2023\/03\/Azara-Ouedraogo-portrait.jpg&#8221; quote_icon=&#8221;off&#8221; portrait_width=&#8221;112px&#8221; portrait_height=&#8221;112px&#8221; admin_label=&#8221;Portrait cercle&#8221; _builder_version=&#8221;4.20.0&#8243; background_color=&#8221;rgba(245,245,245,0)&#8221; text_orientation=&#8221;center&#8221; custom_margin=&#8221;0px||0px|0px&#8221; custom_padding=&#8221;0px|20px|0px|10px&#8221; custom_css_main_element=&#8221;float:left;||&#8221; custom_css_testimonial_portrait=&#8221; background-position-y: 0px;&#8221; global_colors_info=&#8221;{}&#8221;][\/et_pb_testimonial][et_pb_text admin_label=&#8221;Nom et poste Azara OUEDRAOGO&#8221; _builder_version=&#8221;4.20.0&#8243; header_2_font=&#8221;|800|||||||&#8221; header_2_font_size=&#8221;17px&#8221; custom_padding=&#8221;10px|10px||10px&#8221; global_colors_info=&#8221;{}&#8221;]<\/p>\n<h2>Azara<br \/>OUEDRAOGO<\/h2>\n<p>Secretary General<\/p>\n<p>[\/et_pb_text][et_pb_toggle title=&#8221;More information&#8221; open_toggle_text_color=&#8221;#e8e8e8&#8243; icon_color=&#8221;#0a8896&#8243; open_icon_color=&#8221;#0a8896&#8243; admin_label=&#8221;More information&#8221; _builder_version=&#8221;4.18.0&#8243; title_text_color=&#8221;#0a8896&#8243; title_level=&#8221;h3&#8243; title_font=&#8221;|300|||||||&#8221; title_text_align=&#8221;left&#8221; title_font_size=&#8221;13px&#8221; body_text_align=&#8221;left&#8221; background_color=&#8221;rgba(255,255,255,0)&#8221; text_orientation=&#8221;left&#8221; custom_margin=&#8221;|||&#8221; custom_padding=&#8221;0px|10px|25px|10px&#8221; custom_css_open_toggle=&#8221;clear:both;&#8221; border_width_all=&#8221;0px&#8221; border_width_bottom=&#8221;32px&#8221; border_color_bottom=&#8221;#ffffff&#8221; global_colors_info=&#8221;{}&#8221;]<\/p>\n<p>Azara Ou\u00e9draogo<\/p>\n<p>[\/et_pb_toggle][et_pb_testimonial portrait_url=&#8221;https:\/\/ifsra.org\/wp-content\/uploads\/2018\/07\/Romain.jpg&#8221; quote_icon=&#8221;off&#8221; portrait_width=&#8221;112px&#8221; portrait_height=&#8221;112px&#8221; admin_label=&#8221;Portrait cercle&#8221; _builder_version=&#8221;4.16&#8243; background_color=&#8221;rgba(245,245,245,0)&#8221; custom_margin=&#8221;0px||0px|0px&#8221; custom_padding=&#8221;0px|20px|0px|10px&#8221; custom_css_main_element=&#8221;float:left;||&#8221; custom_css_testimonial_portrait=&#8221; background-position-y: -8px;&#8221; global_colors_info=&#8221;{}&#8221;][\/et_pb_testimonial][et_pb_text admin_label=&#8221;Nom et poste Romain RONCERAY&#8221; _builder_version=&#8221;4.16&#8243; header_2_font=&#8221;|800|||||||&#8221; header_2_font_size=&#8221;17px&#8221; custom_padding=&#8221;10px|10px||10px&#8221; global_colors_info=&#8221;{}&#8221;]<\/p>\n<h2>Romain<br \/>\nRONCERAY<\/h2>\n<p>Auditor<\/p>\n<p>[\/et_pb_text][et_pb_toggle title=&#8221;More information&#8221; open_toggle_text_color=&#8221;#e8e8e8&#8243; icon_color=&#8221;#0a8896&#8243; open_icon_color=&#8221;#0a8896&#8243; admin_label=&#8221;More information&#8221; _builder_version=&#8221;4.16&#8243; title_text_color=&#8221;#0a8896&#8243; title_level=&#8221;h3&#8243; title_font=&#8221;|300|||||||&#8221; title_text_align=&#8221;left&#8221; title_font_size=&#8221;13px&#8221; body_text_align=&#8221;left&#8221; background_color=&#8221;rgba(255,255,255,0)&#8221; text_orientation=&#8221;left&#8221; custom_margin=&#8221;|||&#8221; custom_padding=&#8221;0px|10px|25px|10px&#8221; custom_css_open_toggle=&#8221;clear:both;&#8221; border_width_all=&#8221;0px&#8221; border_width_bottom=&#8221;32px&#8221; border_color_bottom=&#8221;#ffffff&#8221; global_colors_info=&#8221;{}&#8221;]<\/p>\n<p>\nRomain is the Geomatics Specialist and Graphic Designer of Insuco in Burkina Faso. He holds a Master\u2019s Degree in Geography in Globalisation and Development. He has specialised in mapping software, spatial analysis and in Geographic Information System (GIS). Over the past six years, he has managed field studies and brought a cartographic support to several development projects in Africa. He today brings support to Insuco studies on a variety of subjects such as Resettlement Action Plan (RAP), SIG creation, socio-economic survey or the creation of communication materials.<\/p>\n<p>[\/et_pb_toggle][\/et_pb_column][\/et_pb_row][\/et_pb_section]<\/p>\n","protected":false},"excerpt":{"rendered":"<p>AntoniaVERGER DirectorWith a doctorate in sociology and demography from the University of Paris V (Descartes-Sorbonne Paris Cit\u00e9), she has devoted herself to the study of the social sciences since the start of her university studies, first at undergraduate level and then at master&#8217;s level, specialising in the sociology-anthropology and demography of development. Driven by a [&hellip;]<\/p>\n","protected":false},"author":3,"featured_media":0,"parent":0,"menu_order":0,"comment_status":"closed","ping_status":"open","template":"","meta":{"_et_pb_use_builder":"on","_et_pb_old_content":"L\u2019IFSRA,\u00a0Insuco Foundation for Social Research in Africa, est une association de recherche enregistr\u00e9e au Burkina Faso. Elle a pour objectif :\r\n<ul>\r\n \t<li>D\u2019approfondir des th\u00e9matiques en sciences sociales \u00e0 travers la mise en \u0153uvre d\u2019\u00e9tudes sp\u00e9cifiques sur le terrain africain,<\/li>\r\n \t<li>De promouvoir la valorisation scientifique acad\u00e9mique \u00e0 travers le financement de la r\u00e9daction d\u2019articles ou de participations \u00e0 des colloques internationaux,<\/li>\r\n \t<li>D\u2019accueillir des \u00e9tudiants en stage et les encadrer en apportant un appui m\u00e9thodologique,<\/li>\r\n \t<li>De renforcer les capacit\u00e9s des forces vives de demain \u00e0 travers la dispense de cours dans des Universit\u00e9s africaines,<\/li>\r\n \t<li>D\u2019encourager la vulgarisation scientifique en donnant des conf\u00e9rences pour le grand public dans les pays africains.<\/li>\r\n<\/ul>","_et_gb_content_width":"","footnotes":""},"class_list":["post-1354","page","type-page","status-publish","hentry"],"_links":{"self":[{"href":"https:\/\/ifsra.org\/en\/wp-json\/wp\/v2\/pages\/1354","targetHints":{"allow":["GET"]}}],"collection":[{"href":"https:\/\/ifsra.org\/en\/wp-json\/wp\/v2\/pages"}],"about":[{"href":"https:\/\/ifsra.org\/en\/wp-json\/wp\/v2\/types\/page"}],"author":[{"embeddable":true,"href":"https:\/\/ifsra.org\/en\/wp-json\/wp\/v2\/users\/3"}],"replies":[{"embeddable":true,"href":"https:\/\/ifsra.org\/en\/wp-json\/wp\/v2\/comments?post=1354"}],"version-history":[{"count":27,"href":"https:\/\/ifsra.org\/en\/wp-json\/wp\/v2\/pages\/1354\/revisions"}],"predecessor-version":[{"id":2598,"href":"https:\/\/ifsra.org\/en\/wp-json\/wp\/v2\/pages\/1354\/revisions\/2598"}],"wp:attachment":[{"href":"https:\/\/ifsra.org\/en\/wp-json\/wp\/v2\/media?parent=1354"}],"curies":[{"name":"wp","href":"https:\/\/api.w.org\/{rel}","templated":true}]}}