{"id":1400,"date":"2019-09-13T11:43:47","date_gmt":"2019-09-13T09:43:47","guid":{"rendered":"https:\/\/ifsra.org\/?page_id=1400"},"modified":"2023-03-03T11:11:32","modified_gmt":"2023-03-03T10:11:32","slug":"publications","status":"publish","type":"page","link":"https:\/\/ifsra.org\/en\/publications\/","title":{"rendered":"Publications"},"content":{"rendered":"<p>[et_pb_section fb_built=&#8221;1&#8243; _builder_version=&#8221;4.16&#8243; background_color=&#8221;#ffffff&#8221; global_colors_info=&#8221;{}&#8221;][et_pb_row _builder_version=&#8221;4.16&#8243; background_size=&#8221;initial&#8221; background_position=&#8221;top_left&#8221; background_repeat=&#8221;repeat&#8221; global_colors_info=&#8221;{}&#8221;][et_pb_column type=&#8221;4_4&#8243; _builder_version=&#8221;4.16&#8243; custom_padding=&#8221;|||&#8221; global_colors_info=&#8221;{}&#8221; custom_padding__hover=&#8221;|||&#8221;][et_pb_image src=&#8221;https:\/\/ifsra.org\/wp-content\/uploads\/2018\/06\/bandeau-1.jpg&#8221; show_bottom_space=&#8221;off&#8221; align_tablet=&#8221;center&#8221; align_phone=&#8221;&#8221; align_last_edited=&#8221;on|desktop&#8221; _builder_version=&#8221;4.16&#8243; animation_style=&#8221;slide&#8221; animation_direction=&#8221;left&#8221; animation_duration=&#8221;500ms&#8221; animation_intensity_slide=&#8221;10%&#8221; global_colors_info=&#8221;{}&#8221;][\/et_pb_image][\/et_pb_column][\/et_pb_row][\/et_pb_section][et_pb_section fb_built=&#8221;1&#8243; admin_label=&#8221;section&#8221; _builder_version=&#8221;4.16&#8243; global_colors_info=&#8221;{}&#8221;][et_pb_row use_custom_gutter=&#8221;on&#8221; column_padding_mobile=&#8221;on&#8221; admin_label=&#8221;row&#8221; _builder_version=&#8221;4.16&#8243; background_size=&#8221;initial&#8221; background_position=&#8221;top_left&#8221; background_repeat=&#8221;repeat&#8221; width_unit=&#8221;off&#8221; global_colors_info=&#8221;{}&#8221;][et_pb_column type=&#8221;4_4&#8243; _builder_version=&#8221;4.16&#8243; custom_padding=&#8221;|||&#8221; global_colors_info=&#8221;{}&#8221; custom_padding__hover=&#8221;|||&#8221;][et_pb_text admin_label=&#8221;titre de page non automatique&#8221; _builder_version=&#8221;4.16&#8243; header_font=&#8221;|||on|||||&#8221; animation_direction=&#8221;left&#8221; border_width_bottom=&#8221;3px&#8221; border_color_bottom=&#8221;rgba(51,51,51,0.82)&#8221; saved_tabs=&#8221;all&#8221; global_colors_info=&#8221;{}&#8221;]<\/p>\n<h1>Recent publications in scientific books<\/h1>\n<p>[\/et_pb_text][et_pb_text _builder_version=&#8221;4.20.0&#8243; background_size=&#8221;initial&#8221; background_position=&#8221;top_left&#8221; background_repeat=&#8221;repeat&#8221; hover_enabled=&#8221;0&#8243; global_colors_info=&#8221;{}&#8221; sticky_enabled=&#8221;0&#8243;]<\/p>\n<p><strong>Chapter 8. La gestion de la maladie COVID-19 : une autre expression du biopouvoir en contexte burkinab\u00e8,<\/strong>\u00a02022, Zerbo Roger and Ou\u00e9draogo Aliz\u00e8ta, in COVID-19 et nouveaux d\u00e9fis pour la r\u00e9silience des soci\u00e9t\u00e9s africaines, edited by Kamba Andr\u00e9-Marie Soubeiga, \u00c9ditions C\u00e9prodif, pp. 2017-240.<\/p>\n<p><strong>De l&#8217;anthropologie de l&#8217;orpaillage au f\u00e9minin \u00e0 la sant\u00e9 maternelle et infantile dans le Sud-Ouest du Burkina Faso<\/strong>, 2021, Ou\u00e9draogo Aliz\u00e8ta, &#8220;T\u00e3ngpogs\u00e9&#8221;, PhD in Sociology and Anthropology under the direction of Mich\u00e8le CROS and Gabin KORBEOGO, Universit\u00e9 Lumi\u00e8re Lyon 2 (France) in cotutelle with Universit\u00e9 Joseph Ki-Zerbo (Burkina Faso), France, 360 pp.<\/p>\n<p><strong>Les d\u00e9tentrices de hangars de traitement de l&#8217;or face \u00e0 la technique de cyanuration (sud-ouest du Burkina Faso)<\/strong>, 2020, Ou\u00e9draogo Aliz\u00e8ta, in Journal des africanistes, TOME 90 &#8211; FASCICULE 1, pp. 158-179. <a href=\"https:\/\/journals.openedition.org\/africanistes\/9528\" target=\"_blank\" rel=\"noopener\">Read the publication<\/a>.\u00a0<\/p>\n<p><strong>De l&#8217; &#8220;empowerment&#8221; des femmes lobi sur les sites d&#8217;orpaillage dans le Sud-Ouest du Burkina Faso<\/strong>, 2020, Ou\u00e9draogo Aliz\u00e8ta, in Militance Pour la connaissance des soci\u00e9t\u00e9s du Sud-Ouest du Burkina Faso. Hommage \u00e0 Madeleine P\u00e8re, coordinated by Yamba Bidima, Mich\u00e8le Cros and Quentin M\u00e9gret, L&#8217;Harmattan, pp. 171-180. <a href=\"https:\/\/www.editions-harmattan.fr\/index.asp?navig=catalogue%20obj=book no=67463\" target=\"_blank\" rel=\"noopener\">Read the publication<\/a>.<\/p>\n<p><span><strong>Entrepreneurship: Moral Categorizations Across Three Countries<\/strong>, PERRIN-JOLY C., de VERDALLE L., 2023, HERZOG L., ZIMMERMANN B.,\u00a0<em>Shifting Categories of Work. Unsettling the Ways We Think about Jobs, Labor, and Activities<\/em>, London, Routledge.<\/span><\/p>\n<p><strong>Exploitation mini\u00e8re artisanale de l\u2019or et violences \u00e0 l\u2019\u00e9gard des femmes au Burkina Faso, 2003-2015 : le v\u00e9cu quotidien des orpailleuses de la province du Yagha<\/strong>,\u00a0 Hermann Moussa KONKOBO, Aliz\u00e8ta OUEDRAOGO, 2022, Les Cahiers de l\u2019ACAREF, tome 3, p. 140-164.<strong><\/strong><strong><\/strong><\/p>\n<p><strong>La gestion de la maladie COVID-19 : une autre expression du biopouvoir en contexte burkinab\u00e8.<\/strong><span>\u00a0<\/span>ZERBO Roger, OUEDRAOGO Aliz\u00e8ta, COVID-19 ET NOUVEAUX D\u00c9FIS POUR LA R\u00c9SILIENCE DES SOCI\u00c9T\u00c9S AFRICAINES, 2022, Ouagadougou,<span>\u00a0<\/span><span>C\u00e9prodif, p. 217-240.<\/span><\/p>\n<p><strong>U<span class=\"petitecap\">ngruhe<\/span>\u00a0Christian, R<span class=\"petitecap\">\u00f6schenthaler<\/span>\u00a0Ute\u00a0&amp; D<span class=\"petitecap\">iawara<\/span><\/strong><strong>\u00a0Mamadou (dir.).\u2014 Dossier \u00ab Working for Better Lives : Mobilities and Trajectories of Young People in West and Central Africa<\/strong>,\u00a0<span class=\"UpperCase\">Ou\u00e9draogo<\/span>, Aliz\u00e8ta.\u00a0<i>Cadernos de Estudios Africanos<\/i>\u00a0\u00bb,\u00a0<i>Cahiers d\u2019\u00e9tudes africaines<\/i>, vol. 245-246, no. 1-2, 2022, pp. 424-427.<br \/><strong><\/strong><\/p>\n<p><strong>T\u00e3ngpogs\u00e9 : De l&#8217;anthropologie de l&#8217;orpaillage au f\u00e9minin \u00e0 la sant\u00e9 maternelle et infantile dans le Sud-Ouest du Burkina Faso.<\/strong> Aliz\u00e8ta Ou\u00e9draogo, 2021.\u00a0Th\u00e8se de doctorat en anthropologie et sociologie, Universit\u00e9 Lumi\u00e8re Lyon 2 (France) en cotutelle avec l&#8217;Universit\u00e9 Joseph Ki-Zerbo de Ouagadougou (Burkina Faso), sous la direction de Pr Mich\u00e8le Cros et de Pr Gabin Korbeogo Universit\u00e9.<br \/><strong><\/strong><\/p>\n<p><strong><\/strong><\/p>\n<p><strong>Transforming Matters: Sustaining Gold Lifeways in Artisanal and Small-scale Mining<\/strong>. Fisher E., Luning S., D\u2019Angelo L., Araujo C. H. X., Arnaldi de Balme L., Calvimontes J., Van de Camp E., Da Costa Ferreira L., Lanzano C., Massaro L., Ou\u00e9draogo A., Pereira Mello J., Pijpers R. J., Obodai Proven\u00e7al N., Resende de Moraes R., Sawadogo Ch., De Theije M., De Tomi G., Tuhumwire M., Twongyirwe R. 2021. <em> Current Opinion in Environmental Sustainability.<\/em> n\u00b049, pp. 190-200. <a href=\"https:\/\/www.sciencedirect.com\/journal\/current-opinion-in-environmental-sustainability\">Read the publication<\/a>.<\/p>\n<p><strong>Who owns the mud? Valuable leftovers, sociotechnical innovation and changing relations of production in artisanal gold mining (Burkina Faso)<\/strong>. Lanzano, C., Arnaldi di Balme, L. 2021.<em> Journal of Agrarian Change.<\/em> n\u00b021\/3, pp. 433-458. <a href=\"https:\/\/onlinelibrary.wiley.com\/doi\/full\/10.1111\/joac.12412\">Read the publication<\/a>.<\/p>\n<p><strong>La g\u00e9ographie des pouvoirs, bifurcation ou simple ouverture des fronti\u00e8res disciplinaires\u202f?<\/strong>. Rey, P. 2021.<em> Yemmafouo Aristide, Tsayem Demaze Mo\u00efse (Ed.), De la g\u00e9ographie physique \u00e0 la g\u00e9ographie socio environnementale, Bifurquer pour r\u00e9pondre aux d\u00e9fis du d\u00e9veloppement.<\/em> L\u2019Harmattan, pp. 497\u2013520. <a>Read the publication<\/a>.<\/p>\n<p><strong>De l\u2019\u00ab empowerment \u00bb des femmes lobi sur les sites d\u2019orpaillage dans le Sud-Ouest du Burkina Faso<\/strong>. Aliz\u00e8ta Ou\u00e9draogo, 2020.<em> Militance. Pour la connaissance des soci\u00e9t\u00e9s du Sud-Ouest du Burkina Faso. Hommage \u00e0 Madeleine P\u00e8re.<\/em> Coordonn\u00e9 par Yamba Bidima, Mich\u00e8le Cros et Quentin M\u00e9gret, L\u2019Harmattan, pp. 171-180. <a href=\"https:\/\/www.editions-harmattan.fr\/index.asp?navig=catalogue&amp;obj=livre&amp;no=67463\">Read the publication<\/a>.<\/p>\n<p><strong>Les d\u00e9tentrices de hangars de traitement de l\u2019or face \u00e0 la technique de cyanuration (sud-ouest du Burkina Faso)<\/strong>. Aliz\u00e8ta Ou\u00e9draogo, 2020.<em> Journal des Africanistes.<\/em> Tome 90, Fascicule 1, pp. 158-179. <a href=\"https:\/\/journals.openedition.org\/africanistes\/9528\">Read the publication<\/a>.<\/p>\n<p><strong>Reconciling standards and the operational needs of mining projects in Africa: Examples from Guinea<\/strong>. Rey P., Mazalto M., Jeanne I., 2020.<em> The Extractive Industries and Society. <\/em><a href=\"https:\/\/authors.elsevier.com\/a\/1c3nw,oMyQL98m\">Read the publication<\/a>.<\/p>\n<p><strong>Gold panning and the Covid-19 pandemic in south-western Burkina Faso<\/strong>. Aliz\u00e8ta Ou\u00e9draogo, Article from the blog Gold Matters. <a href=\"http:\/\/gold-matters.org\/?p=911\">Read the publication<\/a>.<\/p>\n<p><strong>Quand le d\u00e9veloppement des territoires miniers brouille les fronti\u00e8res entre les secteurs public et priv\u00e9. Cas du secteur minier en Afrique de l\u2019Ouest<\/strong>. Rey P., Mazalto M., 2020.<em> Mondes en Developpement<\/em>, n\u00b0 189, pp. 81-97. <a href=\"https:\/\/www.researchgate.net\/publication\/340080313_Quand_le_developpement_des_territoires_miniers_brouille_les_frontieres_entre_les_secteurs_public_et_prive_Cas_du_secteur_minier_en_Afrique_de_l%27Ouest\">Read the publication<\/a>.<\/p>\n<p><strong>Les r\u00e9gimes fonciers appliqu\u00e9s aux espaces irrigu\u00e9s dans les pays du Sahel s\u00e9curisent-ils les d\u00e9tenteurs de droits l\u00e9gitimes ?<\/strong> Hochet P., 2020.<em> Ouvrage \u201cQuelles agricultures irrigu\u00e9es pour demain\u201d<\/em>, Chapitre 10, Encadr\u00e9 10.2, pp. 162-163. <a href=\"https:\/\/www.quae.com\/produit\/1614\/9782759231324\/quelles-agricultures-irriguees-demain\">Read the publication<\/a>.<\/p>\n<p><strong>Quelle collaboration public-priv\u00e9 pour l\u2019int\u00e9gration d\u2019un projet minier \u00e0 son territoire ? \u00c9tudes de cas en Afrique de l\u2019Ouest<\/strong>. Rey P., Mazalto M., 2020.<em> Revista OPERA<\/em>, n\u00b026, pp. 55-76. <a href=\"https:\/\/revistas.uexternado.edu.co\/index.php\/opera\/issue\/view\/573\">Read the publication<\/a>.<\/p>\n<p><strong>Conflictos, di\u00e1logo y acci\u00f3n colectiva con enfoque territorial: nuevas formas de pensar la relaci\u00f3n comunidad-empresa-Estado<\/strong>. Carvallo P., Calvo G., 2020.<em> Revista OPERA<\/em>, n\u00b026, pp. 17-36. <a href=\"https:\/\/revistas.uexternado.edu.co\/index.php\/opera\/issue\/view\/573\">Read the publication<\/a>.<\/p>\n<p><strong>Miradas cruzadas sobre el enfoque territorial de la responsabilidad social, la gobernanza y la sostenibilidad<\/strong>. Calvo G., P\u00e9rez Hoyos O., Romero Amaya M., 2020.<em> Revista OPERA<\/em>, n\u00b026, pp. 3-14. <a href=\"https:\/\/revistas.uexternado.edu.co\/index.php\/opera\/issue\/view\/573\">Read the publication<\/a>.<\/p>\n<p><strong>Le mythe de l\u2019autosuffisance en riz en Guin\u00e9e. Le paradoxe des politiques face aux strat\u00e9gies locales<\/strong>. Rey P., R\u00e9tif M., 2017. <em>Les Cahiers d\u2019Outre-Mer<\/em>, n\u00b0275, pp. 93-114. <a href=\"https:\/\/journals.openedition.org\/com\/8054\" target=\"_blank\" rel=\"noopener noreferrer\">Read the publication<\/a>.<\/p>\n<p><strong>Des \u00ab\u00a0puits burkinab\u00e8\u00a0\u00bb en Haute-Guin\u00e9e: processus et enjeux de la circulation de savoirs techniques dans le secteur minier artisanal<\/strong>. Lanzano, C., Arnaldi, L., 2017 in Jankowski F., Lewandowski S., et al. (eds),\u00a0<em>Circulation des savoirs et espaces d\u2019apprentissage au Sud<\/em>, Autrepart n\u00b082, Science Po Press, pp. 87-107. <a href=\"https:\/\/www.cairn.info\/revue-autrepart.htm\" target=\"_blank\" rel=\"noopener noreferrer\">Read the publication<\/a>.<\/p>\n<p><strong>La riziculture en Guin\u00e9e Maritime\u00a0: strat\u00e9gies \u00e9conomiques des m\u00e9nages et financement de l\u2019agriculture.<\/strong> Rey, P. 2017. <em>Techniques Financi\u00e8res et D\u00e9veloppement<\/em>, n\u00b0124, pp. 97-105. <a href=\"https:\/\/www.cairn.info\/revue-techniques-financieres-et-developpement-2016-3-p-97.htm\" target=\"_blank\" rel=\"noopener noreferrer\">Read the publication.<\/a><\/p>\n<p><strong>La reconnaissance des droits fonciers coutumiers au Burkina Faso\u00a0: un processus de changement social.<\/strong> Hochet, P. 2017. <em>Regards sur le foncier<\/em>,\u00a0Comit\u00e9 technique \u00ab Foncier &amp; d\u00e9veloppement \u00bb, n\u00b02, pp. 80-89. <a href=\"http:\/\/www.foncier-developpement.fr\/wp-content\/uploads\/Regards-sur-le-foncier_2-1.pdf\" target=\"_blank\" rel=\"noopener noreferrer\">Read the publication.<\/a><\/p>\n<p><strong>Mobilit\u00e9 interne et acc\u00e8s aux ressources naturelles dans l\u2019Ouest du Burkina Faso. Les paradoxes multiples du concept de minorit\u00e9.<\/strong> Arnaldi, L., Hochet, P. 2017 in <em>Mobility and Minorities, Nova Collectanea Africana<\/em>, Cagliari : Aracne.<a href=\"http:\/\/www.aracneeditrice.it\/index.php\/pubblicazione.html?item=9788854893405\" target=\"_blank\" rel=\"noopener noreferrer\">Read the publication.<\/a><\/p>\n<p><strong>Urban and regional planning: when mining companies take on the Government\u2019s role.<\/strong> Rey, P., Weber, A. 2017 in Nunes Silva C. (dir), <em>Local Government and Urban Governance Citizen Responsive Innovations in Europe and Africa<\/em>, Palgrave Macmillan editions, UK, pp. 171-190.\u00a0<a href=\"https:\/\/link.springer.com\/chapter\/10.1057\/978-1-349-95109-3_7\" target=\"_blank\" rel=\"noopener noreferrer\">Read the publication.<\/a><\/p>\n<p><strong>From Social Responsibility towards Corporate Territorial Responsibility. <\/strong>Calvo, G., Carvallo, P. 2016. <em>Proceedings of the 3rd International Conference on Social Responsibility in Mining<\/em>, Srmining 2015, Antofagasta, Chile. Read the publication\u00a0<a href=\"https:\/\/ifsra.org\/wp-content\/uploads\/2018\/06\/CALVO_CARVALLO_Article-SRMINING-20150706.pdf\" target=\"_blank\" rel=\"noopener noreferrer\">in English<\/a>\u00a0or\u00a0<a href=\"https:\/\/ifsra.org\/wp-content\/uploads\/2018\/06\/Articulo-RTE_SRmining-VF_Esp.pdf\" target=\"_blank\" rel=\"noopener noreferrer\">in Spanish<\/a>.<\/p>\n<p><strong>Local governance to the test of time: National policies, local powers and mining strategies in Guinea.<\/strong> Rey, P. 2016. <em>Stichproben &#8211; Vienna Journal of African Studies<\/em>, pp. 87-110.\u00a0<a href=\"https:\/\/www.hsozkult.de\/journal\/id\/zeitschriftenausgaben-10225?language=en\" target=\"_blank\" rel=\"noopener noreferrer\">Read the publication.<\/a><\/p>\n<p><strong>Ebola en Guin\u00e9e\u00a0: violences historiques et r\u00e9gimes de doute. <\/strong>Fribault, M. 2015. <em>Anthropologie et Sant\u00e9<\/em>, n\u00b011, http:\/\/anthropologiesante.revues.org\/1761. <a href=\"https:\/\/journals.openedition.org\/anthropologiesante\/1761\" target=\"_blank\" rel=\"noopener noreferrer\">Read the publication.<\/a><\/p>\n<p><strong>Mission d\u2019\u00e9valuation du potentiel arch\u00e9ologique en Guin\u00e9e Maritime.<\/strong> Pollarolo, L. 2014. SLSA <em>Annual report 2014<\/em>, pp. 123-128.<\/p>\n<p>&nbsp;<\/p>\n<p>&nbsp;<\/p>\n<p>[\/et_pb_text][et_pb_text _builder_version=&#8221;4.16&#8243; background_size=&#8221;initial&#8221; background_position=&#8221;top_left&#8221; background_repeat=&#8221;repeat&#8221; global_colors_info=&#8221;{}&#8221;]<strong>Gold panning and the Covid-19 pandemic in south-western Burkina Faso<\/strong>. Aliz\u00e8ta Ou\u00e9draogo, Article du blog Gold Matters. <a href=\"http:\/\/gold-matters.org\/?p=911\">Read the publication<\/a>.<\/p>\n<p><strong>Quand le d\u00e9veloppement des territoires miniers brouille les fronti\u00e8res entre les secteurs public et priv\u00e9. Cas du secteur minier en Afrique de l\u2019Ouest<\/strong>. Rey P., Mazalto M., 2020.<em> Mondes en Developpement<\/em>, n\u00b0 189, pp. 81-97. <a href=\"https:\/\/www.researchgate.net\/publication\/340080313_Quand_le_developpement_des_territoires_miniers_brouille_les_frontieres_entre_les_secteurs_public_et_prive_Cas_du_secteur_minier_en_Afrique_de_l%27Ouest\">Read the publication<\/a>.<\/p>\n<p><strong>Les r\u00e9gimes fonciers appliqu\u00e9s aux espaces irrigu\u00e9s dans les pays du Sahel s\u00e9curisent-ils les d\u00e9tenteurs de droits l\u00e9gitimes ?<\/strong> Hochet P., 2020.<em> Ouvrage \u201cQuelles agricultures irrigu\u00e9es pour demain\u201d<\/em>, Chapitre 10, Encadr\u00e9 10.2, pp. 162-163. <a href=\"https:\/\/www.quae.com\/produit\/1614\/9782759231324\/quelles-agricultures-irriguees-demain\">Read the publication<\/a>.<\/p>\n<p><strong>Quelle collaboration public-priv\u00e9 pour l\u2019int\u00e9gration d\u2019un projet minier \u00e0 son territoire ? \u00c9tudes de cas en Afrique de l\u2019Ouest<\/strong>. Rey P., Mazalto M., 2020.<em> Revista OPERA<\/em>, n\u00b026, pp. 55-76. <a href=\"https:\/\/revistas.uexternado.edu.co\/index.php\/opera\/issue\/view\/573\">Read the publication<\/a>.<\/p>\n<p><strong>Conflictos, di\u00e1logo y acci\u00f3n colectiva con enfoque territorial: nuevas formas de pensar la relaci\u00f3n comunidad-empresa-Estado<\/strong>. Carvallo P., Calvo G., 2020.<em> Revista OPERA<\/em>, n\u00b026, pp. 17-36. <a href=\"https:\/\/revistas.uexternado.edu.co\/index.php\/opera\/issue\/view\/573\">Read the publication<\/a>.<\/p>\n<p><strong>Miradas cruzadas sobre el enfoque territorial de la responsabilidad social, la gobernanza y la sostenibilidad<\/strong>. Calvo G., P\u00e9rez Hoyos O., Romero Amaya M., 2020.<em> Revista OPERA<\/em>, n\u00b026, pp. 3-14. <a href=\"https:\/\/revistas.uexternado.edu.co\/index.php\/opera\/issue\/view\/573\">Read the publication<\/a>.<\/p>\n<p><strong>Le mythe de l\u2019autosuffisance en riz en Guin\u00e9e. Le paradoxe des politiques face aux strat\u00e9gies locales<\/strong>. Rey P., R\u00e9tif M., 2017. <em>Les Cahiers d\u2019Outre-Mer<\/em>, n\u00b0275, pp. 93-114. <a href=\"https:\/\/journals.openedition.org\/com\/8054\" target=\"_blank\" rel=\"noopener noreferrer\">Read the publication<\/a>.<\/p>\n<p><strong>Des \u00ab\u00a0puits burkinab\u00e8\u00a0\u00bb en Haute-Guin\u00e9e: processus et enjeux de la circulation de savoirs techniques dans le secteur minier artisanal<\/strong>. Lanzano, C., Arnaldi, L., 2017 in Jankowski F., Lewandowski S., et al. (eds),\u00a0<em>Circulation des savoirs et espaces d\u2019apprentissage au Sud<\/em>, Autrepart n\u00b082, Science Po Press, pp. 87-107. <a href=\"https:\/\/www.cairn.info\/revue-autrepart.htm\" target=\"_blank\" rel=\"noopener noreferrer\">Read the publication<\/a>.<\/p>\n<p><strong>La riziculture en Guin\u00e9e Maritime\u00a0: strat\u00e9gies \u00e9conomiques des m\u00e9nages et financement de l\u2019agriculture.<\/strong> Rey, P. 2017. <em>Techniques Financi\u00e8res et D\u00e9veloppement<\/em>, n\u00b0124, pp. 97-105. <a href=\"https:\/\/www.cairn.info\/revue-techniques-financieres-et-developpement-2016-3-p-97.htm\" target=\"_blank\" rel=\"noopener noreferrer\">Read the publication.<\/a><\/p>\n<p><strong>La reconnaissance des droits fonciers coutumiers au Burkina Faso\u00a0: un processus de changement social.<\/strong> Hochet, P. 2017. <em>Regards sur le foncier<\/em>,\u00a0Comit\u00e9 technique \u00ab Foncier &amp; d\u00e9veloppement \u00bb, n\u00b02, pp. 80-89. <a href=\"http:\/\/www.foncier-developpement.fr\/wp-content\/uploads\/Regards-sur-le-foncier_2-1.pdf\" target=\"_blank\" rel=\"noopener noreferrer\">Read the publication.<\/a><\/p>\n<p><strong>Mobilit\u00e9 interne et acc\u00e8s aux ressources naturelles dans l\u2019Ouest du Burkina Faso. Les paradoxes multiples du concept de minorit\u00e9.<\/strong> Arnaldi, L., Hochet, P. 2017 in <em>Mobility and Minorities, Nova Collectanea Africana<\/em>, Cagliari : Aracne.<a href=\"http:\/\/www.aracneeditrice.it\/index.php\/pubblicazione.html?item=9788854893405\" target=\"_blank\" rel=\"noopener noreferrer\">Read the publication.<\/a><\/p>\n<p><strong>Urban and regional planning: when mining companies take on the Government\u2019s role.<\/strong> Rey, P., Weber, A. 2017 in Nunes Silva C. (dir), <em>Local Government and Urban Governance Citizen Responsive Innovations in Europe and Africa<\/em>, Palgrave Macmillan editions, UK, pp. 171-190.\u00a0<a href=\"https:\/\/link.springer.com\/chapter\/10.1057\/978-1-349-95109-3_7\" target=\"_blank\" rel=\"noopener noreferrer\">Read the publication.<\/a><\/p>\n<p><strong>From Social Responsibility towards Corporate Territorial Responsibility. <\/strong>Calvo, G., Carvallo, P. 2016. <em>Proceedings of the 3rd International Conference on Social Responsibility in Mining<\/em>, Srmining 2015, Antofagasta, Chile. Read the publication\u00a0<a href=\"https:\/\/ifsra.org\/wp-content\/uploads\/2018\/06\/CALVO_CARVALLO_Article-SRMINING-20150706.pdf\" target=\"_blank\" rel=\"noopener noreferrer\">in English<\/a>\u00a0or\u00a0<a href=\"https:\/\/ifsra.org\/wp-content\/uploads\/2018\/06\/Articulo-RTE_SRmining-VF_Esp.pdf\" target=\"_blank\" rel=\"noopener noreferrer\">in Spanish<\/a>.<\/p>\n<p><strong>Local governance to the test of time: National policies, local powers and mining strategies in Guinea.<\/strong> Rey, P. 2016. <em>Stichproben &#8211; Vienna Journal of African Studies<\/em>, pp. 87-110.\u00a0<a href=\"https:\/\/www.hsozkult.de\/journal\/id\/zeitschriftenausgaben-10225?language=en\" target=\"_blank\" rel=\"noopener noreferrer\">Read the publication.<\/a><\/p>\n<p><strong>Ebola en Guin\u00e9e\u00a0: violences historiques et r\u00e9gimes de doute. <\/strong>Fribault, M. 2015. <em>Anthropologie et Sant\u00e9<\/em>, n\u00b011, http:\/\/anthropologiesante.revues.org\/1761. <a href=\"https:\/\/journals.openedition.org\/anthropologiesante\/1761\" target=\"_blank\" rel=\"noopener noreferrer\">Read the publication.<\/a><\/p>\n<p><strong>Mission d\u2019\u00e9valuation du potentiel arch\u00e9ologique en Guin\u00e9e Maritime.<\/strong> Pollarolo, L. 2014. SLSA <em>Annual report 2014<\/em>, pp. 123-128.<\/p>\n<p>&nbsp;<\/p>\n<p>&nbsp;[\/et_pb_text][\/et_pb_column][\/et_pb_row][\/et_pb_section]<\/p>\n","protected":false},"excerpt":{"rendered":"<p>Recent publications in scientific books Chapter 8. La gestion de la maladie COVID-19 : une autre expression du biopouvoir en contexte burkinab\u00e8,\u00a02022, Zerbo Roger and Ou\u00e9draogo Aliz\u00e8ta, in COVID-19 et nouveaux d\u00e9fis pour la r\u00e9silience des soci\u00e9t\u00e9s africaines, edited by Kamba Andr\u00e9-Marie Soubeiga, \u00c9ditions C\u00e9prodif, pp. 2017-240. De l&#8217;anthropologie de l&#8217;orpaillage au f\u00e9minin \u00e0 la [&hellip;]<\/p>\n","protected":false},"author":3,"featured_media":0,"parent":0,"menu_order":0,"comment_status":"closed","ping_status":"closed","template":"","meta":{"_et_pb_use_builder":"on","_et_pb_old_content":"<p>Within its activities, Insuco has developed a range of skills and experience that we constantly seek to share and develop through scientific literature. IFSRA scientifically supports both project managers and technical teams in these initiatives.<\/p><p>Recent publications in international scientific journals or books:<\/p><ul><li>Arnaldi, L., Hochet, P., 2017, \u00ab\u00a0Mobilit\u00e9 interne et acc\u00e8s aux ressources naturelles dans l\u2019Ouest du Burkina Faso. Les paradoxes multiples du concept de minorit\u00e9 \u00bb, in <em>Mobility and Minorities<\/em>, Nova Collectanea Africana, Cagliari : Aracne.<\/li><li>Arnaldi, L., Lanzano, C., 2017, \u00ab Innovations techniques et circulation des savoirs entre sites miniers artisanaux (Burkina Faso - Guin\u00e9e) \u00bb. Num\u00e9ro th\u00e9matique \"Circulation des savoirs et lieux d\u2019apprentissages au Sud. Acteurs, hybridations, pratiques\"<em>. Revue Autrepart<\/em>, n\u00b082, sous presse.<\/li><li>Rey, P., Weber, A. ,2016, \u00ab\u00a0Urban and regional planning: when mining companies take on the Government\u2019s role\u00a0\u00bb, in Nunes Silva C. (dir), Local Government and Urban Governance Citizen Responsive Innovations in Europe and Africa, Palgrave Macmillan editions, UK, sous presse.<\/li><li>Rey, P., 2016, \u00ab\u00a0Local governance to the test of time: National policies, local powers and mining strategies in Guinea\u00a0\u00bb<em>, Stichproben - Vienna Journal of African Studies<\/em>, pp. 87-110.<\/li><li>Rey, P., Fribault, M., 2016, \u00ab\u00a0Mining Companies between States and Communities in West Africa: Corporate Social Responsibility and Heritagisation of Localized Cultural Practices\u00a0\u00bb, in Gewald J.B., Jansen J., Luning S. (eds)<em>, Mining history: Corporate Strategies, Heritage and Development<\/em>, Amsterdam, sous presse.<\/li><li>Calvo, G., Carvallo, P., 2016, \u00ab\u00a0From Social Responsibility towards Corporate Territorial Responsibility\u00a0\u00bb, Antofagasta, Chile, sous presse.<\/li><li>Fribault, M., 2016, \u00ab Ebola en Guin\u00e9e, l\u2019exp\u00e9rience d\u2019une crise sociale : violences, d\u00e9mystification et r\u00e9gimes de doute \u00bb. Anthropologie et Sant\u00e9, Autour du virus Ebola, http:\/\/anthropologiesante.revues.org\/1761.<\/li><li>Pollarolo, L., 2014, \u00ab\u00a0Mission d\u2019\u00e9valuation du potentiel arch\u00e9ologique en Guin\u00e9e Maritime\u00a0\u00bb, in <em>SLSA Rapport annuel 2014<\/em>, pp 123-128.<\/li><\/ul>","_et_gb_content_width":"","footnotes":""},"class_list":["post-1400","page","type-page","status-publish","hentry"],"_links":{"self":[{"href":"https:\/\/ifsra.org\/en\/wp-json\/wp\/v2\/pages\/1400","targetHints":{"allow":["GET"]}}],"collection":[{"href":"https:\/\/ifsra.org\/en\/wp-json\/wp\/v2\/pages"}],"about":[{"href":"https:\/\/ifsra.org\/en\/wp-json\/wp\/v2\/types\/page"}],"author":[{"embeddable":true,"href":"https:\/\/ifsra.org\/en\/wp-json\/wp\/v2\/users\/3"}],"replies":[{"embeddable":true,"href":"https:\/\/ifsra.org\/en\/wp-json\/wp\/v2\/comments?post=1400"}],"version-history":[{"count":17,"href":"https:\/\/ifsra.org\/en\/wp-json\/wp\/v2\/pages\/1400\/revisions"}],"predecessor-version":[{"id":2192,"href":"https:\/\/ifsra.org\/en\/wp-json\/wp\/v2\/pages\/1400\/revisions\/2192"}],"wp:attachment":[{"href":"https:\/\/ifsra.org\/en\/wp-json\/wp\/v2\/media?parent=1400"}],"curies":[{"name":"wp","href":"https:\/\/api.w.org\/{rel}","templated":true}]}}